{"id":3978,"date":"2024-05-13T19:10:45","date_gmt":"2024-05-13T19:10:45","guid":{"rendered":"https:\/\/easybnb.co\/politique-de-confidentialite\/"},"modified":"2024-07-30T09:49:50","modified_gmt":"2024-07-30T09:49:50","slug":"politique-de-confidentialite","status":"publish","type":"page","link":"https:\/\/easybnb.co\/fr\/politique-de-confidentialite\/","title":{"rendered":"Politique de confidentialit\u00e9"},"content":{"rendered":"\t\t<div data-elementor-type=\"wp-page\" data-elementor-id=\"3978\" class=\"elementor elementor-3978 elementor-3402\" data-elementor-post-type=\"page\">\n\t\t\t\t<main class=\"elementor-element elementor-element-e97f07e e-flex e-con-boxed e-con e-parent\" data-id=\"e97f07e\" data-element_type=\"container\" data-e-type=\"container\" data-settings=\"{&quot;background_background&quot;:&quot;classic&quot;}\">\n\t\t\t\t\t<div class=\"e-con-inner\">\n\t\t<article class=\"elementor-element elementor-element-349f8f1 e-con-full e-flex e-con e-child\" data-id=\"349f8f1\" data-element_type=\"container\" data-e-type=\"container\" data-settings=\"{&quot;background_background&quot;:&quot;classic&quot;}\">\n\t\t\t\t<div class=\"elementor-element elementor-element-d96a5d2 elementor-widget elementor-widget-heading\" data-id=\"d96a5d2\" data-element_type=\"widget\" data-e-type=\"widget\" data-widget_type=\"heading.default\">\n\t\t\t\t\t<h1 class=\"elementor-heading-title elementor-size-default\">Politique de confidentialit\u00e9<\/h1>\t\t\t\t<\/div>\n\t\t\t\t<div class=\"elementor-element elementor-element-edd4532 elementor-widget elementor-widget-text-editor\" data-id=\"edd4532\" data-element_type=\"widget\" data-e-type=\"widget\" data-widget_type=\"text-editor.default\">\n\t\t\t\t\t\t\t\t\t<p>Le syst\u00e8me de r\u00e9servation en ligne bookingsync exploit\u00e9 par la soci\u00e9t\u00e9 EasyBnB s.r.o., I\u010cO : 05141915, adresse U Michelsk\u00e9ho ml\u00fdna 1569\/1, Michle, 140 00, Prague 4 (\u00a0\u00bb Administrateur \u00ab\u00a0) traite les donn\u00e9es personnelles conform\u00e9ment au R\u00e8glement du Parlement europ\u00e9en et du Conseil (UE) 2016\/679 du 27 avril 2016, le R\u00e8glement g\u00e9n\u00e9ral sur la protection des donn\u00e9es (\u00a0\u00bb RGPD \u00ab\u00a0) et \u00e0 d\u2019autres l\u00e9gislations. Vos donn\u00e9es personnelles seront transf\u00e9r\u00e9es \u00e0 des tiers ou trait\u00e9es d\u2019une autre mani\u00e8re uniquement en cas de n\u00e9cessit\u00e9, dans le respect d\u2019un contrat ou si vous y avez consenti. Dans le cadre du traitement de votre r\u00e9servation, le fournisseur d\u2019h\u00e9bergement (\u00ab\u00a0H\u00e9bergement\u00a0\u00bb) de votre choix recevra les informations n\u00e9cessaires \u00e0 la finalisation de votre r\u00e9servation.<\/p><p>Les donn\u00e9es personnelles recueillies ne peuvent \u00eatre utilis\u00e9es par les prestataires de services que pour compl\u00e9ter le travail relatif \u00e0 la r\u00e9alisation de votre r\u00e9servation.\u2028Afin de se conformer aux obligations l\u00e9gales, le lieu d\u2019h\u00e9bergement doit tenir un livre de bord et archiver les donn\u00e9es personnelles des clients pendant 6 ans \u00e0 compter du dernier enregistrement, conform\u00e9ment \u00e0 la loi n\u00b0 326\/1999 Sb. sur le s\u00e9jour des ressortissants \u00e9trangers en R\u00e9publique tch\u00e8que, telle qu\u2019amend\u00e9e.<\/p><p>Conform\u00e9ment \u00e0 la loi n\u00b0 565\/1990 Sb. sur les taxes locales, telle qu\u2019amend\u00e9e, et \u00e0 la loi n\u00b0 253\/2008 sur les mesures s\u00e9lectionn\u00e9es contre la l\u00e9gitimation des produits du crime et le financement du terrorisme, et pour les besoins de la cr\u00e9ation de r\u00e9servations, du respect d\u2019un contrat d\u2019h\u00e9bergement et \u00e0 des fins de comptabilit\u00e9, les donn\u00e9es personnelles suivantes sont trait\u00e9es : nom et pr\u00e9nom, adresse permanente \u00e0 l\u2019\u00e9tranger, num\u00e9ro de t\u00e9l\u00e9phone, num\u00e9ro de carte de cr\u00e9dit, date de naissance, num\u00e9ro de passeport, num\u00e9ro de visa, nationalit\u00e9, dur\u00e9e et but du voyage, adresse en R\u00e9publique tch\u00e8que et signature. Ces informations sont collect\u00e9es sur la base de la r\u00e9servation re\u00e7ue et sont compl\u00e9t\u00e9es dans un document d\u2019enregistrement dans le logement concern\u00e9.<\/p><p>Les donn\u00e9es personnelles sont trait\u00e9es manuellement et automatiquement par l\u2019administrateur, directement par ses employ\u00e9s et\/ou par des sous-traitants autoris\u00e9s par l\u2019administrateur sur la base d\u2019un contrat de traitement des donn\u00e9es personnelles.<\/p><p>L\u2019administrateur traite les donn\u00e9es personnelles pendant le temps n\u00e9cessaire \u00e0 l\u2019interm\u00e9diation de l\u2019h\u00e9bergement et du paiement, ainsi que pendant le temps n\u00e9cessaire au respect des obligations l\u00e9gales susmentionn\u00e9es. Chaque h\u00f4te a le droit d\u2019acc\u00e9der \u00e0 ses donn\u00e9es personnelles trait\u00e9es par l\u2019administrateur, de les corriger ou de les supprimer, de limiter le traitement et de s\u2019opposer au traitement. En outre, chaque h\u00f4te a \u00e9galement le droit d\u2019obtenir de l\u2019administrateur l\u2019acc\u00e8s \u00e0 ses donn\u00e9es personnelles qui sont li\u00e9es \u00e0 l\u2019h\u00f4te et \u00e0 toutes les donn\u00e9es que l\u2019h\u00f4te a fournies \u00e0 l\u2019administrateur et\/ou \u00e0 l\u2019h\u00e9bergement. \u00c0 la demande du client, l\u2019administrateur lui fournit, \u00e0 lui ou \u00e0 un autre administrateur d\u00e9sign\u00e9, ses donn\u00e9es personnelles dans un d\u00e9lai raisonnable, d\u2019une mani\u00e8re structur\u00e9e, r\u00e9guli\u00e8rement utilis\u00e9e et lisible par machine. Ce droit ne s\u2019applique pas aux donn\u00e9es personnelles qui ne font pas l\u2019objet d\u2019un traitement automatis\u00e9. L\u2019administrateur n\u2019a pas l\u2019intention de communiquer les donn\u00e9es personnelles \u00e0 un pays tiers. Si l\u2019invit\u00e9 soup\u00e7onne que ses donn\u00e9es personnelles sont utilis\u00e9es \u00e0 mauvais escient, il peut d\u00e9poser une plainte aupr\u00e8s de l\u2019autorit\u00e9 de contr\u00f4le, qui, pour la r\u00e9gion de la R\u00e9publique tch\u00e8que, est l\u2019Office pour la protection des donn\u00e9es personnelles (www.uoou.cz). La communication doit se faire exclusivement en tch\u00e8que ou en anglais.<\/p>\t\t\t\t\t\t\t\t<\/div>\n\t\t\t\t<\/article>\n\t\t\t\t\t<\/div>\n\t\t\t\t<\/main>\n\t\t\t\t<\/div>\n\t\t","protected":false},"excerpt":{"rendered":"<p>Politique de confidentialit\u00e9 Le syst\u00e8me de r\u00e9servation en ligne bookingsync exploit\u00e9 par la soci\u00e9t\u00e9 EasyBnB s.r.o., I\u010cO : 05141915, adresse U Michelsk\u00e9ho ml\u00fdna 1569\/1, Michle, 140 00, Prague 4 (\u00a0\u00bb Administrateur \u00ab\u00a0) traite les donn\u00e9es personnelles conform\u00e9ment au R\u00e8glement du Parlement europ\u00e9en et du Conseil (UE) 2016\/679 du 27 avril 2016, le R\u00e8glement g\u00e9n\u00e9ral sur [&hellip;]<\/p>\n","protected":false},"author":1,"featured_media":0,"parent":0,"menu_order":0,"comment_status":"closed","ping_status":"closed","template":"","meta":{"content-type":"","footnotes":""},"class_list":["post-3978","page","type-page","status-publish","hentry"],"_links":{"self":[{"href":"https:\/\/easybnb.co\/fr\/wp-json\/wp\/v2\/pages\/3978","targetHints":{"allow":["GET"]}}],"collection":[{"href":"https:\/\/easybnb.co\/fr\/wp-json\/wp\/v2\/pages"}],"about":[{"href":"https:\/\/easybnb.co\/fr\/wp-json\/wp\/v2\/types\/page"}],"author":[{"embeddable":true,"href":"https:\/\/easybnb.co\/fr\/wp-json\/wp\/v2\/users\/1"}],"replies":[{"embeddable":true,"href":"https:\/\/easybnb.co\/fr\/wp-json\/wp\/v2\/comments?post=3978"}],"version-history":[{"count":0,"href":"https:\/\/easybnb.co\/fr\/wp-json\/wp\/v2\/pages\/3978\/revisions"}],"wp:attachment":[{"href":"https:\/\/easybnb.co\/fr\/wp-json\/wp\/v2\/media?parent=3978"}],"curies":[{"name":"wp","href":"https:\/\/api.w.org\/{rel}","templated":true}]}}