{"id":3957,"date":"2024-04-17T19:06:13","date_gmt":"2024-04-17T19:06:13","guid":{"rendered":"https:\/\/easybnb.co\/services\/"},"modified":"2025-12-17T21:39:53","modified_gmt":"2025-12-17T21:39:53","slug":"services","status":"publish","type":"page","link":"https:\/\/easybnb.co\/fr\/services\/","title":{"rendered":"Services"},"content":{"rendered":"\t\t<div data-elementor-type=\"wp-page\" data-elementor-id=\"3957\" class=\"elementor elementor-3957 elementor-42\" data-elementor-post-type=\"page\">\n\t\t\t\t<div class=\"elementor-element elementor-element-ee0fa3e e-no-lazyload e-flex e-con-boxed e-con e-parent\" data-id=\"ee0fa3e\" data-element_type=\"container\" data-e-type=\"container\" data-settings=\"{&quot;background_background&quot;:&quot;classic&quot;}\">\n\t\t\t\t\t<div class=\"e-con-inner\">\n\t\t<div class=\"elementor-element elementor-element-b86f984 e-con-full e-flex e-con e-child\" data-id=\"b86f984\" data-element_type=\"container\" data-e-type=\"container\">\n\t\t\t\t<div class=\"elementor-element elementor-element-57a6aa0 elementor-widget__width-inherit elementor-invisible elementor-widget elementor-widget-heading\" data-id=\"57a6aa0\" data-element_type=\"widget\" data-e-type=\"widget\" data-settings=\"{&quot;_animation&quot;:&quot;fadeInUp&quot;}\" data-widget_type=\"heading.default\">\n\t\t\t\t\t<h1 class=\"elementor-heading-title elementor-size-default\">Services <br><span style=\"color: var(--e-global-color-905965b, #EBBD67)\">&amp; Expertises<\/span><\/h1>\t\t\t\t<\/div>\n\t\t\t\t<\/div>\n\t\t\t\t\t<\/div>\n\t\t\t\t<\/div>\n\t\t<div class=\"elementor-element elementor-element-37e712a e-flex e-con-boxed e-con e-parent\" data-id=\"37e712a\" data-element_type=\"container\" data-e-type=\"container\">\n\t\t\t\t\t<div class=\"e-con-inner\">\n\t\t<div class=\"elementor-element elementor-element-3036ff1 e-flex e-con-boxed e-con e-child\" data-id=\"3036ff1\" data-element_type=\"container\" data-e-type=\"container\" id=\"investment-consulting\">\n\t\t\t\t\t<div class=\"e-con-inner\">\n\t\t<div class=\"elementor-element elementor-element-cc68384 e-con-full e-flex e-con e-child\" data-id=\"cc68384\" data-element_type=\"container\" data-e-type=\"container\">\n\t\t\t\t<div class=\"elementor-element elementor-element-f4a8c21 elementor-widget elementor-widget-heading\" data-id=\"f4a8c21\" data-element_type=\"widget\" data-e-type=\"widget\" data-widget_type=\"heading.default\">\n\t\t\t\t\t<h2 class=\"elementor-heading-title elementor-size-default\">CONSEIL EN INVESTISSEMENT<\/h2>\t\t\t\t<\/div>\n\t\t\t\t<div class=\"elementor-element elementor-element-139c805 elementor-widget elementor-widget-text-editor\" data-id=\"139c805\" data-element_type=\"widget\" data-e-type=\"widget\" data-widget_type=\"text-editor.default\">\n\t\t\t\t\t\t\t\t\t<p>G\u00e9n\u00e9rez une estimation des revenus pour vos projets immobiliers gr\u00e2ce \u00e0 nos outils avanc\u00e9s. Obtenez des informations pr\u00e9cieuses sur les sources de revenus potentielles, l&rsquo;appr\u00e9ciation des biens et les tendances du march\u00e9. Prenez des d\u00e9cisions \u00e9clair\u00e9es et maximisez votre r\u00e9ussite financi\u00e8re dans le paysage dynamique de l&rsquo;immobilier. Notre mission principale est de trouver des propri\u00e9t\u00e9s appropri\u00e9es pour les investisseurs qui cherchent \u00e0 augmenter le rendement de leur investissement par le biais de la location \u00e0 court terme et de la location de vacances. Nous identifions les biens d&rsquo;investissement les plus attractifs qui correspondent aux caract\u00e9ristiques recherch\u00e9es par les clients haut de gamme. En outre, nous poss\u00e9dons l&rsquo;expertise n\u00e9cessaire pour analyser les revenus des biens immobiliers et les comparer, afin de mettre en \u00e9vidence ce que le march\u00e9 a \u00e0 offrir. Gr\u00e2ce \u00e0 notre exp\u00e9rience et \u00e0 notre savoir-faire, nous pouvons vous fournir les rendements escompt\u00e9s.<\/p>\t\t\t\t\t\t\t\t<\/div>\n\t\t\t\t<\/div>\n\t\t<div class=\"elementor-element elementor-element-00de455 e-con-full e-flex e-con e-child\" data-id=\"00de455\" data-element_type=\"container\" data-e-type=\"container\">\n\t\t\t\t<div class=\"elementor-element elementor-element-44c607f elementor-invisible elementor-widget elementor-widget-image\" data-id=\"44c607f\" data-element_type=\"widget\" data-e-type=\"widget\" data-settings=\"{&quot;_animation&quot;:&quot;fadeIn&quot;}\" data-widget_type=\"image.default\">\n\t\t\t\t\t\t\t\t\t\t\t\t\t\t\t<img fetchpriority=\"high\" decoding=\"async\" width=\"1000\" height=\"1499\" src=\"https:\/\/easybnb.co\/wp-content\/uploads\/2024\/05\/services-income-estimation-jpg.webp\" class=\"attachment-full size-full wp-image-3506\" alt=\"\" srcset=\"https:\/\/easybnb.co\/wp-content\/uploads\/2024\/05\/services-income-estimation-jpg.webp 1000w, https:\/\/easybnb.co\/wp-content\/uploads\/2024\/05\/services-income-estimation-200x300.webp 200w, https:\/\/easybnb.co\/wp-content\/uploads\/2024\/05\/services-income-estimation-683x1024.webp 683w, https:\/\/easybnb.co\/wp-content\/uploads\/2024\/05\/services-income-estimation-768x1151.webp 768w\" sizes=\"(max-width: 1000px) 100vw, 1000px\" \/>\t\t\t\t\t\t\t\t\t\t\t\t\t\t\t<\/div>\n\t\t\t\t<\/div>\n\t\t\t\t\t<\/div>\n\t\t\t\t<\/div>\n\t\t<div class=\"elementor-element elementor-element-dbcef73 e-flex e-con-boxed e-con e-child\" data-id=\"dbcef73\" data-element_type=\"container\" data-e-type=\"container\" id=\"income\">\n\t\t\t\t\t<div class=\"e-con-inner\">\n\t\t<div class=\"elementor-element elementor-element-3fb837c e-con-full e-flex e-con e-child\" data-id=\"3fb837c\" data-element_type=\"container\" data-e-type=\"container\">\n\t\t\t\t<div class=\"elementor-element elementor-element-75a27b2 elementor-invisible elementor-widget elementor-widget-image\" data-id=\"75a27b2\" data-element_type=\"widget\" data-e-type=\"widget\" data-settings=\"{&quot;_animation&quot;:&quot;fadeIn&quot;}\" data-widget_type=\"image.default\">\n\t\t\t\t\t\t\t\t\t\t\t\t\t\t\t<img decoding=\"async\" width=\"800\" height=\"906\" src=\"https:\/\/easybnb.co\/wp-content\/uploads\/2024\/05\/services-airbnb-management.webp\" class=\"attachment-full size-full wp-image-3508\" alt=\"\" srcset=\"https:\/\/easybnb.co\/wp-content\/uploads\/2024\/05\/services-airbnb-management.webp 800w, https:\/\/easybnb.co\/wp-content\/uploads\/2024\/05\/services-airbnb-management-265x300.webp 265w, https:\/\/easybnb.co\/wp-content\/uploads\/2024\/05\/services-airbnb-management-768x870.webp 768w\" sizes=\"(max-width: 800px) 100vw, 800px\" \/>\t\t\t\t\t\t\t\t\t\t\t\t\t\t\t<\/div>\n\t\t\t\t<\/div>\n\t\t<div class=\"elementor-element elementor-element-41f13e1 e-con-full e-flex e-con e-child\" data-id=\"41f13e1\" data-element_type=\"container\" data-e-type=\"container\">\n\t\t\t\t<div class=\"elementor-element elementor-element-e42525a elementor-widget elementor-widget-heading\" data-id=\"e42525a\" data-element_type=\"widget\" data-e-type=\"widget\" data-widget_type=\"heading.default\">\n\t\t\t\t\t<h2 class=\"elementor-heading-title elementor-size-default\">Revenus et estimations de votre ROI<\/h2>\t\t\t\t<\/div>\n\t\t\t\t<div class=\"elementor-element elementor-element-6b37999 elementor-widget elementor-widget-text-editor\" data-id=\"6b37999\" data-element_type=\"widget\" data-e-type=\"widget\" data-widget_type=\"text-editor.default\">\n\t\t\t\t\t\t\t\t\t<p>Nos estimations de revenus vous fourniront les chiffres n\u00e9cessaires pour que vous sachiez \u00e0 quels rendements vous pouvez vous attendre en vous associant \u00e0 nous. Nous \u00e9valuons votre investissement et fournissons des mesures immobili\u00e8res, mettant en \u00e9vidence le flux de tr\u00e9sorerie du compte associ\u00e9 \u00e0 une pr\u00e9vision de vos futures plus-values. <\/p>\n\t\t\t\t\t\t\t\t<\/div>\n\t\t\t\t<div class=\"elementor-element elementor-element-b8e0cab elementor-widget elementor-widget-text-editor\" data-id=\"b8e0cab\" data-element_type=\"widget\" data-e-type=\"widget\" data-widget_type=\"text-editor.default\">\n\t\t\t\t\t\t\t\t\t<p><a href=\"https:\/\/easybnb.co\/estimate-my-income\/\" aria-label=\"Estimate my Income\"><a href=\"https:\/\/easybnb.co\/estimate-my-income\/\">Estimez vos revenus<\/a><\/a><\/p>\n\t\t\t\t\t\t\t\t<\/div>\n\t\t\t\t<\/div>\n\t\t\t\t\t<\/div>\n\t\t\t\t<\/div>\n\t\t<div class=\"elementor-element elementor-element-5a79a63 e-flex e-con-boxed e-con e-child\" data-id=\"5a79a63\" data-element_type=\"container\" data-e-type=\"container\" id=\"airbnb\">\n\t\t\t\t\t<div class=\"e-con-inner\">\n\t\t<div class=\"elementor-element elementor-element-7d19335 e-con-full e-flex e-con e-child\" data-id=\"7d19335\" data-element_type=\"container\" data-e-type=\"container\">\n\t\t\t\t<div class=\"elementor-element elementor-element-3ac5fe3 elementor-widget elementor-widget-heading\" data-id=\"3ac5fe3\" data-element_type=\"widget\" data-e-type=\"widget\" data-widget_type=\"heading.default\">\n\t\t\t\t\t<h2 class=\"elementor-heading-title elementor-size-default\">Gestion optimale de votre AirBnB<\/h2>\t\t\t\t<\/div>\n\t\t\t\t<div class=\"elementor-element elementor-element-7634da6 elementor-widget elementor-widget-text-editor\" data-id=\"7634da6\" data-element_type=\"widget\" data-e-type=\"widget\" data-widget_type=\"text-editor.default\">\n\t\t\t\t\t\t\t\t\t<p>Am\u00e9liorez votre exp\u00e9rience de gestion immobili\u00e8re gr\u00e2ce \u00e0 nos services de gestion de A \u00e0 Z. Notre plateforme conviviale vous permet de g\u00e9rer en toute transparence les r\u00e9servations, la communication avec les clients et l&rsquo;entretien de la propri\u00e9t\u00e9. Maximisez votre potentiel de location, optimisez vos strat\u00e9gies de tarification et garantissez une exp\u00e9rience client sans faille. Laissez-nous nous occuper des d\u00e9tails pendant que vous rentabilisez votre investissement.   <\/p>\n\t\t\t\t\t\t\t\t<\/div>\n\t\t\t\t<div class=\"elementor-element elementor-element-38a7896 elementor-widget elementor-widget-text-editor\" data-id=\"38a7896\" data-element_type=\"widget\" data-e-type=\"widget\" data-widget_type=\"text-editor.default\">\n\t\t\t\t\t\t\t\t\t<p><a href=\"https:\/\/easybnbco.holidayfuture.com\/\" rel=\"nofollow noopener\" target=\"_blank\">Voir nos offres<\/a><\/p>\t\t\t\t\t\t\t\t<\/div>\n\t\t\t\t<\/div>\n\t\t<div class=\"elementor-element elementor-element-48a9da0 e-con-full e-flex e-con e-child\" data-id=\"48a9da0\" data-element_type=\"container\" data-e-type=\"container\">\n\t\t\t\t<div class=\"elementor-element elementor-element-97d3055 elementor-invisible elementor-widget elementor-widget-image\" data-id=\"97d3055\" data-element_type=\"widget\" data-e-type=\"widget\" data-settings=\"{&quot;_animation&quot;:&quot;fadeIn&quot;}\" data-widget_type=\"image.default\">\n\t\t\t\t\t\t\t\t\t\t\t\t\t\t\t<img decoding=\"async\" width=\"1000\" height=\"1400\" src=\"https:\/\/easybnb.co\/wp-content\/uploads\/2024\/05\/listing-creation.webp\" class=\"attachment-full size-full wp-image-3552\" alt=\"\" srcset=\"https:\/\/easybnb.co\/wp-content\/uploads\/2024\/05\/listing-creation.webp 1000w, https:\/\/easybnb.co\/wp-content\/uploads\/2024\/05\/listing-creation-214x300.webp 214w, https:\/\/easybnb.co\/wp-content\/uploads\/2024\/05\/listing-creation-731x1024.webp 731w, https:\/\/easybnb.co\/wp-content\/uploads\/2024\/05\/listing-creation-768x1075.webp 768w\" sizes=\"(max-width: 1000px) 100vw, 1000px\" \/>\t\t\t\t\t\t\t\t\t\t\t\t\t\t\t<\/div>\n\t\t\t\t<\/div>\n\t\t\t\t\t<\/div>\n\t\t\t\t<\/div>\n\t\t\t\t\t<\/div>\n\t\t\t\t<\/div>\n\t\t<div class=\"elementor-element elementor-element-e224674 e-flex e-con-boxed e-con e-parent\" data-id=\"e224674\" data-element_type=\"container\" data-e-type=\"container\">\n\t\t\t\t\t<div class=\"e-con-inner\">\n\t\t<div class=\"elementor-element elementor-element-865be06 e-flex e-con-boxed e-con e-child\" data-id=\"865be06\" data-element_type=\"container\" data-e-type=\"container\" id=\"smart-pricing\">\n\t\t\t\t\t<div class=\"e-con-inner\">\n\t\t<div class=\"elementor-element elementor-element-2bca096 e-con-full e-flex e-con e-child\" data-id=\"2bca096\" data-element_type=\"container\" data-e-type=\"container\">\n\t\t\t\t<div class=\"elementor-element elementor-element-548ea3f elementor-invisible elementor-widget elementor-widget-image\" data-id=\"548ea3f\" data-element_type=\"widget\" data-e-type=\"widget\" data-settings=\"{&quot;_animation&quot;:&quot;fadeIn&quot;}\" data-widget_type=\"image.default\">\n\t\t\t\t\t\t\t\t\t\t\t\t\t\t\t<img loading=\"lazy\" decoding=\"async\" width=\"2100\" height=\"1400\" src=\"https:\/\/easybnb.co\/wp-content\/uploads\/2024\/05\/interior-design.webp\" class=\"attachment-full size-full wp-image-3550\" alt=\"\" srcset=\"https:\/\/easybnb.co\/wp-content\/uploads\/2024\/05\/interior-design.webp 2100w, https:\/\/easybnb.co\/wp-content\/uploads\/2024\/05\/interior-design-300x200.webp 300w, https:\/\/easybnb.co\/wp-content\/uploads\/2024\/05\/interior-design-1024x683.webp 1024w, https:\/\/easybnb.co\/wp-content\/uploads\/2024\/05\/interior-design-768x512.webp 768w, https:\/\/easybnb.co\/wp-content\/uploads\/2024\/05\/interior-design-1536x1024.webp 1536w, https:\/\/easybnb.co\/wp-content\/uploads\/2024\/05\/interior-design-2048x1365.webp 2048w\" sizes=\"(max-width: 2100px) 100vw, 2100px\" \/>\t\t\t\t\t\t\t\t\t\t\t\t\t\t\t<\/div>\n\t\t\t\t<\/div>\n\t\t<div class=\"elementor-element elementor-element-41e37a7 e-con-full e-flex e-con e-child\" data-id=\"41e37a7\" data-element_type=\"container\" data-e-type=\"container\">\n\t\t\t\t<div class=\"elementor-element elementor-element-ae05057 elementor-widget elementor-widget-heading\" data-id=\"ae05057\" data-element_type=\"widget\" data-e-type=\"widget\" data-widget_type=\"heading.default\">\n\t\t\t\t\t<h2 class=\"elementor-heading-title elementor-size-default\">Multidiffusion &amp; Optimisation intelligente des prix<\/h2>\t\t\t\t<\/div>\n\t\t\t\t<div class=\"elementor-element elementor-element-31ea65b elementor-widget elementor-widget-text-editor\" data-id=\"31ea65b\" data-element_type=\"widget\" data-e-type=\"widget\" data-widget_type=\"text-editor.default\">\n\t\t\t\t\t\t\t\t\t<p>Nous publions les propri\u00e9t\u00e9s de nos clients sur les meilleures plateformes mondiales, ainsi qu&rsquo;une s\u00e9lection de propri\u00e9t\u00e9s d&rsquo;entreprise et de luxe, y compris les prestigieuses Homes &amp; Villas by Marriott International. Nous avons \u00e9galement excell\u00e9 l&rsquo;optimisation de la strat\u00e9gie de prix en fonction de diff\u00e9rents facteurs tels que la saisonnalit\u00e9, les \u00e9v\u00e9nements locaux, les congr\u00e8s ou le taux d&rsquo;occupation dans le quartier afin de maximiser les revenus mensuels de nos clients. <\/p>\n\t\t\t\t\t\t\t\t<\/div>\n\t\t\t\t<\/div>\n\t\t\t\t\t<\/div>\n\t\t\t\t<\/div>\n\t\t<div class=\"elementor-element elementor-element-d9ef748 e-flex e-con-boxed e-con e-child\" data-id=\"d9ef748\" data-element_type=\"container\" data-e-type=\"container\" id=\"interior-design\">\n\t\t\t\t\t<div class=\"e-con-inner\">\n\t\t<div class=\"elementor-element elementor-element-ac35a92 e-con-full e-flex e-con e-child\" data-id=\"ac35a92\" data-element_type=\"container\" data-e-type=\"container\">\n\t\t\t\t<div class=\"elementor-element elementor-element-f04e210 elementor-widget elementor-widget-heading\" data-id=\"f04e210\" data-element_type=\"widget\" data-e-type=\"widget\" data-widget_type=\"heading.default\">\n\t\t\t\t\t<h2 class=\"elementor-heading-title elementor-size-default\">DESIGN D'INT\u00c9RIEUR ET HOME STAGING<\/h2>\t\t\t\t<\/div>\n\t\t\t\t<div class=\"elementor-element elementor-element-52e44a1 elementor-widget elementor-widget-text-editor\" data-id=\"52e44a1\" data-element_type=\"widget\" data-e-type=\"widget\" data-widget_type=\"text-editor.default\">\n\t\t\t\t\t\t\t\t\t<p>Am\u00e9liorez votre espace gr\u00e2ce \u00e0 nos services d&rsquo;experts en d\u00e9coration d&rsquo;int\u00e9rieur. Que vous rafra\u00eechissiez une pi\u00e8ce ou que vous partiez de z\u00e9ro, notre \u00e9quipe donnera vie \u00e0 votre vision avec flair et fonctionnalit\u00e9. De la conception \u00e0 la r\u00e9alisation, nous travaillerons en \u00e9troite collaboration avec vous pour cr\u00e9er un espace qui refl\u00e8te votre style et d\u00e9passe vos attentes. Laissez-nous transformer votre maison en un chef-d&rsquo;\u0153uvre de design et de confort.   <\/p>\n\t\t\t\t\t\t\t\t<\/div>\n\t\t\t\t<\/div>\n\t\t<div class=\"elementor-element elementor-element-ab85721 e-con-full e-flex e-con e-child\" data-id=\"ab85721\" data-element_type=\"container\" data-e-type=\"container\">\n\t\t\t\t<div class=\"elementor-element elementor-element-1d82ca8 elementor-invisible elementor-widget elementor-widget-image\" data-id=\"1d82ca8\" data-element_type=\"widget\" data-e-type=\"widget\" data-settings=\"{&quot;_animation&quot;:&quot;fadeIn&quot;}\" data-widget_type=\"image.default\">\n\t\t\t\t\t\t\t\t\t\t\t\t\t\t\t<img loading=\"lazy\" decoding=\"async\" width=\"1920\" height=\"1079\" src=\"https:\/\/easybnb.co\/wp-content\/uploads\/2024\/05\/hero-services.webp\" class=\"attachment-full size-full wp-image-3544\" alt=\"\" srcset=\"https:\/\/easybnb.co\/wp-content\/uploads\/2024\/05\/hero-services.webp 1920w, https:\/\/easybnb.co\/wp-content\/uploads\/2024\/05\/hero-services-300x169.webp 300w, https:\/\/easybnb.co\/wp-content\/uploads\/2024\/05\/hero-services-1024x575.webp 1024w, https:\/\/easybnb.co\/wp-content\/uploads\/2024\/05\/hero-services-768x432.webp 768w, https:\/\/easybnb.co\/wp-content\/uploads\/2024\/05\/hero-services-1536x863.webp 1536w\" sizes=\"(max-width: 1920px) 100vw, 1920px\" \/>\t\t\t\t\t\t\t\t\t\t\t\t\t\t\t<\/div>\n\t\t\t\t<\/div>\n\t\t\t\t\t<\/div>\n\t\t\t\t<\/div>\n\t\t<div class=\"elementor-element elementor-element-61b18b6 e-flex e-con-boxed e-con e-child\" data-id=\"61b18b6\" data-element_type=\"container\" data-e-type=\"container\" id=\"legal\">\n\t\t\t\t\t<div class=\"e-con-inner\">\n\t\t<div class=\"elementor-element elementor-element-1d0bbff e-con-full e-flex e-con e-child\" data-id=\"1d0bbff\" data-element_type=\"container\" data-e-type=\"container\">\n\t\t\t\t<div class=\"elementor-element elementor-element-b706093 elementor-invisible elementor-widget elementor-widget-image\" data-id=\"b706093\" data-element_type=\"widget\" data-e-type=\"widget\" data-settings=\"{&quot;_animation&quot;:&quot;fadeIn&quot;}\" data-widget_type=\"image.default\">\n\t\t\t\t\t\t\t\t\t\t\t\t\t\t\t<img loading=\"lazy\" decoding=\"async\" width=\"1750\" height=\"1400\" src=\"https:\/\/easybnb.co\/wp-content\/uploads\/2024\/05\/administration-services.webp\" class=\"attachment-full size-full wp-image-3548\" alt=\"\" srcset=\"https:\/\/easybnb.co\/wp-content\/uploads\/2024\/05\/administration-services.webp 1750w, https:\/\/easybnb.co\/wp-content\/uploads\/2024\/05\/administration-services-300x240.webp 300w, https:\/\/easybnb.co\/wp-content\/uploads\/2024\/05\/administration-services-1024x819.webp 1024w, https:\/\/easybnb.co\/wp-content\/uploads\/2024\/05\/administration-services-768x614.webp 768w, https:\/\/easybnb.co\/wp-content\/uploads\/2024\/05\/administration-services-1536x1229.webp 1536w\" sizes=\"(max-width: 1750px) 100vw, 1750px\" \/>\t\t\t\t\t\t\t\t\t\t\t\t\t\t\t<\/div>\n\t\t\t\t<\/div>\n\t\t<div class=\"elementor-element elementor-element-455ed58 e-con-full e-flex e-con e-child\" data-id=\"455ed58\" data-element_type=\"container\" data-e-type=\"container\">\n\t\t\t\t<div class=\"elementor-element elementor-element-d4a96de elementor-widget elementor-widget-heading\" data-id=\"d4a96de\" data-element_type=\"widget\" data-e-type=\"widget\" data-widget_type=\"heading.default\">\n\t\t\t\t\t<h2 class=\"elementor-heading-title elementor-size-default\">SERVICES JURIDIQUES ET ADMINISTRATIFS<\/h2>\t\t\t\t<\/div>\n\t\t\t\t<div class=\"elementor-element elementor-element-30a4df4 elementor-widget elementor-widget-text-editor\" data-id=\"30a4df4\" data-element_type=\"widget\" data-e-type=\"widget\" data-widget_type=\"text-editor.default\">\n\t\t\t\t\t\t\t\t\t<p>De la gestion des r\u00e9servations et des demandes des clients \u00e0 la coordination de l&rsquo;entretien et \u00e0 la supervision des finances, nous nous occupons des op\u00e9rations quotidiennes pour que vous puissiez vous concentrer sur le d\u00e9veloppement de votre entreprise. Notre \u00e9quipe efficace et fiable veille \u00e0 ce que les op\u00e9rations se d\u00e9roulent sans heurts et \u00e0 ce que les clients vivent une exp\u00e9rience exceptionnelle, ce qui vous permet de maximiser le potentiel de votre propri\u00e9t\u00e9 en toute qui\u00e9tude. Laissez-nous nous occuper des t\u00e2ches administratives pendant que vous profitez des fruits de votre investissement.  <\/p>\n\t\t\t\t\t\t\t\t<\/div>\n\t\t\t\t<\/div>\n\t\t\t\t\t<\/div>\n\t\t\t\t<\/div>\n\t\t\t\t\t<\/div>\n\t\t\t\t<\/div>\n\t\t<div class=\"elementor-element elementor-element-065c30c e-con-full e-flex e-con e-child\" data-id=\"065c30c\" data-element_type=\"container\" data-e-type=\"container\" data-settings=\"{&quot;background_background&quot;:&quot;classic&quot;}\">\n\t\t<div class=\"elementor-element elementor-element-8cb8a6a e-flex e-con-boxed elementor-invisible e-con e-child\" data-id=\"8cb8a6a\" data-element_type=\"container\" data-e-type=\"container\" data-settings=\"{&quot;animation&quot;:&quot;fadeIn&quot;}\">\n\t\t\t\t\t<div class=\"e-con-inner\">\n\t\t<a class=\"elementor-element elementor-element-51c3f5b e-flex e-con-boxed e-con e-child\" data-id=\"51c3f5b\" data-element_type=\"container\" data-e-type=\"container\" data-settings=\"{&quot;background_background&quot;:&quot;classic&quot;}\" href=\"https:\/\/easybnbco.holidayfuture.com\" target=\"_blank\" rel=\"nofollow noopener\">\n\t\t\t\t\t<div class=\"e-con-inner\">\n\t\t<div class=\"elementor-element elementor-element-884a12a e-con-full e-flex e-con e-child\" data-id=\"884a12a\" data-element_type=\"container\" data-e-type=\"container\">\n\t\t\t\t<div class=\"elementor-element elementor-element-99a6fe8 elementor-widget elementor-widget-heading\" data-id=\"99a6fe8\" data-element_type=\"widget\" data-e-type=\"widget\" data-widget_type=\"heading.default\">\n\t\t\t\t\t<h3 class=\"elementor-heading-title elementor-size-default\">D\u00e9couvrez nos propri\u00e9t\u00e9s<\/h3>\t\t\t\t<\/div>\n\t\t\t\t<div class=\"elementor-element elementor-element-f3a15fc elementor-widget elementor-widget-heading\" data-id=\"f3a15fc\" data-element_type=\"widget\" data-e-type=\"widget\" data-widget_type=\"heading.default\">\n\t\t\t\t\t<span class=\"elementor-heading-title elementor-size-default\">Plus de 100 propri\u00e9t\u00e9s de prestige <\/span>\t\t\t\t<\/div>\n\t\t\t\t<\/div>\n\t\t\t\t<div class=\"elementor-element elementor-element-f54fef3 elementor-view-default elementor-widget elementor-widget-icon\" data-id=\"f54fef3\" data-element_type=\"widget\" data-e-type=\"widget\" data-widget_type=\"icon.default\">\n\t\t\t\t\t\t\t<div class=\"elementor-icon-wrapper\">\n\t\t\t<div class=\"elementor-icon\">\n\t\t\t<svg xmlns=\"http:\/\/www.w3.org\/2000\/svg\" fill=\"none\" viewBox=\"0 0 81 81\"><g stroke=\"#edbd68\" stroke-width=\"1.5\"><rect height=\"78.5\" rx=\"3.25\" width=\"78.5\" x=\"1.24023\" y=\"1.55957\"><\/rect><g stroke-linecap=\"round\"><path d=\"m48 48 7-7-7-7\"><\/path><path d=\"m55 41h-29.5\"><\/path><\/g><\/g><\/svg>\t\t\t<\/div>\n\t\t<\/div>\n\t\t\t\t\t\t<\/div>\n\t\t\t\t\t<\/div>\n\t\t\t\t<\/a>\n\t\t\t\t\t<\/div>\n\t\t\t\t<\/div>\n\t\t\t\t<\/div>\n\t\t<div class=\"elementor-element elementor-element-eb561ca e-flex e-con-boxed e-con e-parent\" data-id=\"eb561ca\" data-element_type=\"container\" data-e-type=\"container\" data-settings=\"{&quot;background_background&quot;:&quot;classic&quot;}\">\n\t\t\t\t\t<div class=\"e-con-inner\">\n\t\t\t\t<div class=\"elementor-element elementor-element-57b5cf6 elementor-widget__width-initial elementor-invisible elementor-widget elementor-widget-heading\" data-id=\"57b5cf6\" data-element_type=\"widget\" data-e-type=\"widget\" data-settings=\"{&quot;_animation&quot;:&quot;fadeIn&quot;}\" data-widget_type=\"heading.default\">\n\t\t\t\t\t<h2 class=\"elementor-heading-title elementor-size-default\">Estimer mes revenus<\/h2>\t\t\t\t<\/div>\n\t\t\t\t<div class=\"elementor-element elementor-element-9908a04 elementor-invisible elementor-widget elementor-widget-button\" data-id=\"9908a04\" data-element_type=\"widget\" data-e-type=\"widget\" data-settings=\"{&quot;_animation&quot;:&quot;fadeInUp&quot;}\" data-widget_type=\"button.default\">\n\t\t\t\t\t\t\t\t\t\t<a class=\"elementor-button elementor-button-link elementor-size-sm\" href=\"https:\/\/easybnb.co\/estimate-my-income\/\">\n\t\t\t\t\t\t<span class=\"elementor-button-content-wrapper\">\n\t\t\t\t\t\t\t\t\t<span class=\"elementor-button-text\">Prenez contact<\/span>\n\t\t\t\t\t<\/span>\n\t\t\t\t\t<\/a>\n\t\t\t\t\t\t\t\t<\/div>\n\t\t\t\t\t<\/div>\n\t\t\t\t<\/div>\n\t\t\t\t<\/div>\n\t\t","protected":false},"excerpt":{"rendered":"<p>Services &amp; Expertises CONSEIL EN INVESTISSEMENT G\u00e9n\u00e9rez une estimation des revenus pour vos projets immobiliers gr\u00e2ce \u00e0 nos outils avanc\u00e9s. Obtenez des informations pr\u00e9cieuses sur les sources de revenus potentielles, l&rsquo;appr\u00e9ciation des biens et les tendances du march\u00e9. Prenez des d\u00e9cisions \u00e9clair\u00e9es et maximisez votre r\u00e9ussite financi\u00e8re dans le paysage dynamique de l&rsquo;immobilier. Notre mission [&hellip;]<\/p>\n","protected":false},"author":1,"featured_media":0,"parent":0,"menu_order":0,"comment_status":"closed","ping_status":"closed","template":"","meta":{"content-type":"","footnotes":""},"class_list":["post-3957","page","type-page","status-publish","hentry"],"_links":{"self":[{"href":"https:\/\/easybnb.co\/fr\/wp-json\/wp\/v2\/pages\/3957","targetHints":{"allow":["GET"]}}],"collection":[{"href":"https:\/\/easybnb.co\/fr\/wp-json\/wp\/v2\/pages"}],"about":[{"href":"https:\/\/easybnb.co\/fr\/wp-json\/wp\/v2\/types\/page"}],"author":[{"embeddable":true,"href":"https:\/\/easybnb.co\/fr\/wp-json\/wp\/v2\/users\/1"}],"replies":[{"embeddable":true,"href":"https:\/\/easybnb.co\/fr\/wp-json\/wp\/v2\/comments?post=3957"}],"version-history":[{"count":1,"href":"https:\/\/easybnb.co\/fr\/wp-json\/wp\/v2\/pages\/3957\/revisions"}],"predecessor-version":[{"id":5289,"href":"https:\/\/easybnb.co\/fr\/wp-json\/wp\/v2\/pages\/3957\/revisions\/5289"}],"wp:attachment":[{"href":"https:\/\/easybnb.co\/fr\/wp-json\/wp\/v2\/media?parent=3957"}],"curies":[{"name":"wp","href":"https:\/\/api.w.org\/{rel}","templated":true}]}}