{"id":3599,"date":"2024-04-17T19:10:31","date_gmt":"2024-04-17T19:10:31","guid":{"rendered":"https:\/\/easybnb.co\/gdpr\/"},"modified":"2024-07-30T09:48:07","modified_gmt":"2024-07-30T09:48:07","slug":"gdpr","status":"publish","type":"page","link":"https:\/\/easybnb.co\/cs\/gdpr\/","title":{"rendered":"GDPR"},"content":{"rendered":"\t\t<div data-elementor-type=\"wp-page\" data-elementor-id=\"3599\" class=\"elementor elementor-3599 elementor-48\" data-elementor-post-type=\"page\">\n\t\t\t\t<main class=\"elementor-element elementor-element-e97f07e e-flex e-con-boxed e-con e-parent\" data-id=\"e97f07e\" data-element_type=\"container\" data-e-type=\"container\" data-settings=\"{&quot;background_background&quot;:&quot;classic&quot;}\">\n\t\t\t\t\t<div class=\"e-con-inner\">\n\t\t<article class=\"elementor-element elementor-element-349f8f1 e-con-full e-flex e-con e-child\" data-id=\"349f8f1\" data-element_type=\"container\" data-e-type=\"container\" data-settings=\"{&quot;background_background&quot;:&quot;classic&quot;}\">\n\t\t\t\t<div class=\"elementor-element elementor-element-d96a5d2 elementor-widget elementor-widget-heading\" data-id=\"d96a5d2\" data-element_type=\"widget\" data-e-type=\"widget\" data-widget_type=\"heading.default\">\n\t\t\t\t\t<h1 class=\"elementor-heading-title elementor-size-default\">GDPR<\/h1>\t\t\t\t<\/div>\n\t\t\t\t<div class=\"elementor-element elementor-element-edd4532 elementor-widget elementor-widget-text-editor\" data-id=\"edd4532\" data-element_type=\"widget\" data-e-type=\"widget\" data-widget_type=\"text-editor.default\">\n\t\t\t\t\t\t\t\t\t<p>Online rezerva\u010dn\u00ed syst\u00e9m Hostaway provozovan\u00fd spole\u010dnost\u00ed EasyBnB s.r.o., I\u010cO: 05141915, adresa U Michelsk\u00e9ho ml\u00fdna 1569\/1, Michle, 140 00 Praha 4 (\u201eSpr\u00e1vce\u201c) zpracov\u00e1v\u00e1 osobn\u00ed \u00fadaje v souladu s na\u0159\u00edzen\u00edm Evropsk\u00e9ho parlamentu a Rady (EU) 2016\/679 ze dne 27. dubna 2016, obecn\u00fdm na\u0159\u00edzen\u00edm o ochran\u011b osobn\u00edch \u00fadaj\u016f (\u201eGDPR\u201c) a dal\u0161\u00edmi pr\u00e1vn\u00edmi p\u0159edpisy. Va\u0161e osobn\u00ed \u00fadaje budou p\u0159ed\u00e1v\u00e1ny t\u0159et\u00edm osob\u00e1m nebo jinak zpracov\u00e1v\u00e1ny pouze v p\u0159\u00edpad\u011b nutnosti, v souladu se smlouvou nebo pokud jste s t\u00edm souhlasili. V r\u00e1mci zpracov\u00e1n\u00ed va\u0161\u00ed rezervace obdr\u017e\u00ed v\u00e1mi vybran\u00fd poskytovatel ubytov\u00e1n\u00ed (\u201eubytov\u00e1n\u00ed\u201c) \u00fadaje pot\u0159ebn\u00e9 k dokon\u010den\u00ed va\u0161\u00ed rezervace.<\/p><p>Shrom\u00e1\u017ed\u011bn\u00e9 osobn\u00ed \u00fadaje mohou poskytovatel\u00e9 slu\u017eeb pou\u017e\u00edt pouze pro dokon\u010den\u00ed pr\u00e1ce t\u00fdkaj\u00edc\u00ed se dokon\u010den\u00ed va\u0161\u00ed rezervace.\u2028Pro spln\u011bn\u00ed z\u00e1konn\u00fdch povinnost\u00ed mus\u00ed ubytovatel v\u00e9st domovn\u00ed knihu a archivovat osobn\u00ed \u00fadaje host\u016f po dobu 6 let od posledn\u00edho z\u00e1znamu v souladu se z\u00e1konem \u010d. 326\/1999 Sb., o pobytu cizinc\u016f na \u00fazem\u00ed \u010cesk\u00e9 republiky, ve zn\u011bn\u00ed pozd\u011bj\u0161\u00edch p\u0159edpis\u016f.<\/p><p>V souladu se z\u00e1konem \u010d. 565\/1990 Sb., o m\u00edstn\u00edch poplatc\u00edch, ve zn\u011bn\u00ed pozd\u011bj\u0161\u00edch p\u0159edpis\u016f, a z\u00e1konem \u010d. 253\/2008 Sb., o vybran\u00fdch opat\u0159en\u00edch proti legalizaci v\u00fdnos\u016f z trestn\u00e9 \u010dinnosti a financov\u00e1n\u00ed terorismu, a pro pot\u0159eby vytv\u00e1\u0159en\u00ed rezervac\u00ed, pln\u011bn\u00ed smlouvy o ubytov\u00e1n\u00ed a pro \u00fa\u010dely \u00fa\u010detnictv\u00ed jsou zpracov\u00e1v\u00e1ny tyto osobn\u00ed \u00fadaje: jm\u00e9no a p\u0159\u00edjmen\u00ed, adresa trval\u00e9ho pobytu v zahrani\u010d\u00ed, telefonn\u00ed \u010d\u00edslo, \u010d\u00edslo platebn\u00ed karty, datum narozen\u00ed, \u010d\u00edslo pasu, \u010d\u00edslo v\u00edza, st\u00e1tn\u00ed p\u0159\u00edslu\u0161nost, d\u00e9lka a \u00fa\u010del cesty, adresa v \u010cesk\u00e9 republice a podpis. Tyto \u00fadaje jsou shroma\u017e\u010fov\u00e1ny na z\u00e1klad\u011b p\u0159ijat\u00e9 rezervace a vypl\u0148uj\u00ed se do registra\u010dn\u00edho listu v p\u0159\u00edslu\u0161n\u00e9m Ubytovac\u00edm za\u0159\u00edzen\u00ed.<\/p><p>Osobn\u00ed \u00fadaje zpracov\u00e1v\u00e1 Spr\u00e1vce manu\u00e1ln\u011b i automaticky p\u0159\u00edmo prost\u0159ednictv\u00edm sv\u00fdch zam\u011bstnanc\u016f a\/nebo prost\u0159ednictv\u00edm zpracovatel\u016f pov\u011b\u0159en\u00fdch Spr\u00e1vcem na z\u00e1klad\u011b smlouvy o zpracov\u00e1n\u00ed osobn\u00edch \u00fadaj\u016f.<\/p><p>Spr\u00e1vce zpracov\u00e1v\u00e1 osobn\u00ed \u00fadaje po dobu nezbytnou pro zprost\u0159edkov\u00e1n\u00ed ubytov\u00e1n\u00ed a platby, jako\u017e i po dobu nezbytnou pro spln\u011bn\u00ed z\u00e1konn\u00fdch povinnost\u00ed uveden\u00fdch v\u00fd\u0161e. Ka\u017ed\u00fd host m\u00e1 pr\u00e1vo na p\u0159\u00edstup ke sv\u00fdm osobn\u00edm \u00fadaj\u016fm zprost\u0159edkovan\u00fdm Spr\u00e1vcem, jejich opravu nebo v\u00fdmaz, omezen\u00ed zpracov\u00e1n\u00ed a pr\u00e1vo vzn\u00e9st n\u00e1mitku proti zpracov\u00e1n\u00ed. D\u00e1le m\u00e1 ka\u017ed\u00fd host tak\u00e9 pr\u00e1vo z\u00edskat od Spr\u00e1vce p\u0159\u00edstup ke sv\u00fdm osobn\u00edm \u00fadaj\u016fm, kter\u00e9 jsou s n\u00edm spojeny, a ke v\u0161em \u00fadaj\u016fm, kter\u00e9 host Spr\u00e1vci a\/nebo Ubytovateli poskytl. Spr\u00e1vce na z\u00e1klad\u011b \u017e\u00e1dosti hosta poskytne jemu nebo jin\u00e9mu ur\u010den\u00e9mu spr\u00e1vci bez zbyte\u010dn\u00e9ho odkladu jeho osobn\u00ed \u00fadaje ve strukturovan\u00e9, pravideln\u011b pou\u017e\u00edvan\u00e9 a strojov\u011b \u010diteln\u00e9 podob\u011b. Toto pr\u00e1vo se nevztahuje na osobn\u00ed \u00fadaje, kter\u00e9 nejsou zpracov\u00e1v\u00e1ny automatizovan\u011b. Spr\u00e1vce nem\u00e1 v \u00famyslu poskytnout osobn\u00ed \u00fadaje \u017e\u00e1dn\u00e9 t\u0159et\u00ed zemi. Pokud m\u00e1 host podez\u0159en\u00ed, \u017ee jsou jeho osobn\u00ed \u00fadaje zneu\u017e\u00edv\u00e1ny, m\u016f\u017ee podat st\u00ed\u017enost dozorov\u00e9mu \u00fa\u0159adu, kter\u00fdm je pro region \u010cesk\u00e9 republiky \u00da\u0159ad pro ochranu osobn\u00edch \u00fadaj\u016f osobn\u00ed \u00fadaje (www.uoou.cz). Sd\u011blen\u00ed mus\u00ed b\u00fdt v\u00fdhradn\u011b v \u010desk\u00e9m nebo anglick\u00e9m jazyce. *** Translated with www.DeepL.com\/Translator (free version) ***<\/p><p>Kontaktn\u00ed \u00fadaje spr\u00e1vce: EasyBnB s.r.o., I\u010cO: 05141915, U Michelsk\u00e9ho ml\u00fdna 1569\/1, Michle, 140 00 Praha 4, e-mail: info@easybnb.co. V\u0161echny informace jsou vy\u017eadov\u00e1ny v souladu se z\u00e1konem \u010d. 565\/1990 Sb. a budou pou\u017eity v souladu s GDPR.<\/p>\t\t\t\t\t\t\t\t<\/div>\n\t\t\t\t<\/article>\n\t\t\t\t\t<\/div>\n\t\t\t\t<\/main>\n\t\t\t\t<\/div>\n\t\t","protected":false},"excerpt":{"rendered":"<p>GDPR Online rezerva\u010dn\u00ed syst\u00e9m Hostaway provozovan\u00fd spole\u010dnost\u00ed EasyBnB s.r.o., I\u010cO: 05141915, adresa U Michelsk\u00e9ho ml\u00fdna 1569\/1, Michle, 140 00 Praha 4 (\u201eSpr\u00e1vce\u201c) zpracov\u00e1v\u00e1 osobn\u00ed \u00fadaje v souladu s na\u0159\u00edzen\u00edm Evropsk\u00e9ho parlamentu a Rady (EU) 2016\/679 ze dne 27. dubna 2016, obecn\u00fdm na\u0159\u00edzen\u00edm o ochran\u011b osobn\u00edch \u00fadaj\u016f (\u201eGDPR\u201c) a dal\u0161\u00edmi pr\u00e1vn\u00edmi p\u0159edpisy. Va\u0161e osobn\u00ed \u00fadaje budou [&hellip;]<\/p>\n","protected":false},"author":1,"featured_media":0,"parent":0,"menu_order":0,"comment_status":"closed","ping_status":"closed","template":"","meta":{"content-type":"","footnotes":""},"class_list":["post-3599","page","type-page","status-publish","hentry"],"_links":{"self":[{"href":"https:\/\/easybnb.co\/cs\/wp-json\/wp\/v2\/pages\/3599","targetHints":{"allow":["GET"]}}],"collection":[{"href":"https:\/\/easybnb.co\/cs\/wp-json\/wp\/v2\/pages"}],"about":[{"href":"https:\/\/easybnb.co\/cs\/wp-json\/wp\/v2\/types\/page"}],"author":[{"embeddable":true,"href":"https:\/\/easybnb.co\/cs\/wp-json\/wp\/v2\/users\/1"}],"replies":[{"embeddable":true,"href":"https:\/\/easybnb.co\/cs\/wp-json\/wp\/v2\/comments?post=3599"}],"version-history":[{"count":0,"href":"https:\/\/easybnb.co\/cs\/wp-json\/wp\/v2\/pages\/3599\/revisions"}],"wp:attachment":[{"href":"https:\/\/easybnb.co\/cs\/wp-json\/wp\/v2\/media?parent=3599"}],"curies":[{"name":"wp","href":"https:\/\/api.w.org\/{rel}","templated":true}]}}