{"id":3593,"date":"2024-04-17T19:06:13","date_gmt":"2024-04-17T19:06:13","guid":{"rendered":"https:\/\/easybnb.co\/sluzby\/"},"modified":"2025-12-17T21:40:16","modified_gmt":"2025-12-17T21:40:16","slug":"sluzby","status":"publish","type":"page","link":"https:\/\/easybnb.co\/cs\/sluzby\/","title":{"rendered":"Slu\u017eby"},"content":{"rendered":"\t\t<div data-elementor-type=\"wp-page\" data-elementor-id=\"3593\" class=\"elementor elementor-3593 elementor-42\" data-elementor-post-type=\"page\">\n\t\t\t\t<div class=\"elementor-element elementor-element-ee0fa3e e-no-lazyload e-flex e-con-boxed e-con e-parent\" data-id=\"ee0fa3e\" data-element_type=\"container\" data-e-type=\"container\" data-settings=\"{&quot;background_background&quot;:&quot;classic&quot;}\">\n\t\t\t\t\t<div class=\"e-con-inner\">\n\t\t<div class=\"elementor-element elementor-element-b86f984 e-con-full e-flex e-con e-child\" data-id=\"b86f984\" data-element_type=\"container\" data-e-type=\"container\">\n\t\t\t\t<div class=\"elementor-element elementor-element-57a6aa0 elementor-widget__width-inherit elementor-invisible elementor-widget elementor-widget-heading\" data-id=\"57a6aa0\" data-element_type=\"widget\" data-e-type=\"widget\" data-settings=\"{&quot;_animation&quot;:&quot;fadeInUp&quot;}\" data-widget_type=\"heading.default\">\n\t\t\t\t\t<h1 class=\"elementor-heading-title elementor-size-default\">Slu\u017eby <br><span style=\"color: var(--e-global-color-905965b, #EBBD67)\">&amp; Odborn\u00e9 znalosti<\/span><\/h1>\t\t\t\t<\/div>\n\t\t\t\t<\/div>\n\t\t\t\t\t<\/div>\n\t\t\t\t<\/div>\n\t\t<div class=\"elementor-element elementor-element-37e712a e-flex e-con-boxed e-con e-parent\" data-id=\"37e712a\" data-element_type=\"container\" data-e-type=\"container\">\n\t\t\t\t\t<div class=\"e-con-inner\">\n\t\t<div class=\"elementor-element elementor-element-3036ff1 e-flex e-con-boxed e-con e-child\" data-id=\"3036ff1\" data-element_type=\"container\" data-e-type=\"container\" id=\"investment-consulting\">\n\t\t\t\t\t<div class=\"e-con-inner\">\n\t\t<div class=\"elementor-element elementor-element-cc68384 e-con-full e-flex e-con e-child\" data-id=\"cc68384\" data-element_type=\"container\" data-e-type=\"container\">\n\t\t\t\t<div class=\"elementor-element elementor-element-f4a8c21 elementor-widget elementor-widget-heading\" data-id=\"f4a8c21\" data-element_type=\"widget\" data-e-type=\"widget\" data-widget_type=\"heading.default\">\n\t\t\t\t\t<h2 class=\"elementor-heading-title elementor-size-default\">INVESTI\u010cN\u00cd PORADENSTV\u00cd<\/h2>\t\t\t\t<\/div>\n\t\t\t\t<div class=\"elementor-element elementor-element-139c805 elementor-widget elementor-widget-text-editor\" data-id=\"139c805\" data-element_type=\"widget\" data-e-type=\"widget\" data-widget_type=\"text-editor.default\">\n\t\t\t\t\t\t\t\t\t<p>Na\u0161\u00edm hlavn\u00edm posl\u00e1n\u00edm je vyhledat vhodn\u00e9 nemovitosti pro investory s c\u00edlem vy\u0161\u0161\u00edch v\u00fdnos\u016f, prost\u0159ednictv\u00edm kr\u00e1tkodob\u00fdch a korpor\u00e1tn\u00edch st\u0159edn\u011bdob\u00fdch pron\u00e1jm\u016f. Tak\u00e9 disponujeme odborn\u00fdmi znalostmi v oblasti anal\u00fdz v\u00fdt\u011b\u017enosti, porovn\u00e1vaj\u00edc\u00ed aktu\u00e1ln\u00ed nab\u00eddku trhu. D\u00edky na\u0161im cenn\u00fdm zku\u0161enostem V\u00e1m zajist\u00edme o\u010dek\u00e1vanou n\u00e1vratnost.   <\/p>\n\t\t\t\t\t\t\t\t<\/div>\n\t\t\t\t<\/div>\n\t\t<div class=\"elementor-element elementor-element-00de455 e-con-full e-flex e-con e-child\" data-id=\"00de455\" data-element_type=\"container\" data-e-type=\"container\">\n\t\t\t\t<div class=\"elementor-element elementor-element-44c607f elementor-invisible elementor-widget elementor-widget-image\" data-id=\"44c607f\" data-element_type=\"widget\" data-e-type=\"widget\" data-settings=\"{&quot;_animation&quot;:&quot;fadeIn&quot;}\" data-widget_type=\"image.default\">\n\t\t\t\t\t\t\t\t\t\t\t\t\t\t\t<img fetchpriority=\"high\" decoding=\"async\" width=\"1000\" height=\"1499\" src=\"https:\/\/easybnb.co\/wp-content\/uploads\/2024\/05\/services-income-estimation-jpg.webp\" class=\"attachment-full size-full wp-image-3505\" alt=\"\" srcset=\"https:\/\/easybnb.co\/wp-content\/uploads\/2024\/05\/services-income-estimation-jpg.webp 1000w, https:\/\/easybnb.co\/wp-content\/uploads\/2024\/05\/services-income-estimation-200x300.webp 200w, https:\/\/easybnb.co\/wp-content\/uploads\/2024\/05\/services-income-estimation-683x1024.webp 683w, https:\/\/easybnb.co\/wp-content\/uploads\/2024\/05\/services-income-estimation-768x1151.webp 768w\" sizes=\"(max-width: 1000px) 100vw, 1000px\" \/>\t\t\t\t\t\t\t\t\t\t\t\t\t\t\t<\/div>\n\t\t\t\t<\/div>\n\t\t\t\t\t<\/div>\n\t\t\t\t<\/div>\n\t\t<div class=\"elementor-element elementor-element-dbcef73 e-flex e-con-boxed e-con e-child\" data-id=\"dbcef73\" data-element_type=\"container\" data-e-type=\"container\" id=\"income\">\n\t\t\t\t\t<div class=\"e-con-inner\">\n\t\t<div class=\"elementor-element elementor-element-3fb837c e-con-full e-flex e-con e-child\" data-id=\"3fb837c\" data-element_type=\"container\" data-e-type=\"container\">\n\t\t\t\t<div class=\"elementor-element elementor-element-75a27b2 elementor-invisible elementor-widget elementor-widget-image\" data-id=\"75a27b2\" data-element_type=\"widget\" data-e-type=\"widget\" data-settings=\"{&quot;_animation&quot;:&quot;fadeIn&quot;}\" data-widget_type=\"image.default\">\n\t\t\t\t\t\t\t\t\t\t\t\t\t\t\t<img decoding=\"async\" width=\"800\" height=\"906\" src=\"https:\/\/easybnb.co\/wp-content\/uploads\/2024\/05\/services-airbnb-management.webp\" class=\"attachment-full size-full wp-image-3507\" alt=\"\" srcset=\"https:\/\/easybnb.co\/wp-content\/uploads\/2024\/05\/services-airbnb-management.webp 800w, https:\/\/easybnb.co\/wp-content\/uploads\/2024\/05\/services-airbnb-management-265x300.webp 265w, https:\/\/easybnb.co\/wp-content\/uploads\/2024\/05\/services-airbnb-management-768x870.webp 768w\" sizes=\"(max-width: 800px) 100vw, 800px\" \/>\t\t\t\t\t\t\t\t\t\t\t\t\t\t\t<\/div>\n\t\t\t\t<\/div>\n\t\t<div class=\"elementor-element elementor-element-41f13e1 e-con-full e-flex e-con e-child\" data-id=\"41f13e1\" data-element_type=\"container\" data-e-type=\"container\">\n\t\t\t\t<div class=\"elementor-element elementor-element-e42525a elementor-widget elementor-widget-heading\" data-id=\"e42525a\" data-element_type=\"widget\" data-e-type=\"widget\" data-widget_type=\"heading.default\">\n\t\t\t\t\t<h2 class=\"elementor-heading-title elementor-size-default\">ODHAD P\u0158\u00cdJMU A N\u00c1VRATNOSTI<\/h2>\t\t\t\t<\/div>\n\t\t\t\t<div class=\"elementor-element elementor-element-6b37999 elementor-widget elementor-widget-text-editor\" data-id=\"6b37999\" data-element_type=\"widget\" data-e-type=\"widget\" data-widget_type=\"text-editor.default\">\n\t\t\t\t\t\t\t\t\t<p>D\u00edky na\u0161im odhad\u016fm p\u0159\u00edjm\u016f budete v\u011bd\u011bt, jak\u00e9 v\u00fdnosy o\u010dek\u00e1vat b\u011bhem spolupr\u00e1ce s n\u00e1mi. Zpracujeme V\u00e1m ekonomiku nemovitosti a ur\u010d\u00edme, jak si povede jako investice do kr\u00e1tkodob\u00fdch a st\u0159edn\u011bdob\u00fdch pron\u00e1jm\u016f v r\u00e1mci dan\u00e9 lokality a standardu. Posoud\u00edme Va\u0161i investici a poskytneme tr\u017en\u00ed metriky ve spojen\u00ed s progn\u00f3zou Va\u0161ich budouc\u00edch kapit\u00e1lov\u00fdch zisk\u016f. <\/p>\n\t\t\t\t\t\t\t\t<\/div>\n\t\t\t\t<div class=\"elementor-element elementor-element-b8e0cab elementor-widget elementor-widget-text-editor\" data-id=\"b8e0cab\" data-element_type=\"widget\" data-e-type=\"widget\" data-widget_type=\"text-editor.default\">\n\t\t\t\t\t\t\t\t\t<p><a href=\"https:\/\/easybnb.co\/cs\/odhad-meho-prijmu\/\" aria-label=\"Estimate my Income\">Odhad p\u0159\u00edjmu<\/a><\/p>\n\t\t\t\t\t\t\t\t<\/div>\n\t\t\t\t<\/div>\n\t\t\t\t\t<\/div>\n\t\t\t\t<\/div>\n\t\t<div class=\"elementor-element elementor-element-5a79a63 e-flex e-con-boxed e-con e-child\" data-id=\"5a79a63\" data-element_type=\"container\" data-e-type=\"container\" id=\"airbnb\">\n\t\t\t\t\t<div class=\"e-con-inner\">\n\t\t<div class=\"elementor-element elementor-element-7d19335 e-con-full e-flex e-con e-child\" data-id=\"7d19335\" data-element_type=\"container\" data-e-type=\"container\">\n\t\t\t\t<div class=\"elementor-element elementor-element-3ac5fe3 elementor-widget elementor-widget-heading\" data-id=\"3ac5fe3\" data-element_type=\"widget\" data-e-type=\"widget\" data-widget_type=\"heading.default\">\n\t\t\t\t\t<h2 class=\"elementor-heading-title elementor-size-default\">EFEKTIVN\u00cd SPR\u00c1VA KR\u00c1TKODOB\u00ddCH PRON\u00c1JM\u016e<\/h2>\t\t\t\t<\/div>\n\t\t\t\t<div class=\"elementor-element elementor-element-7634da6 elementor-widget elementor-widget-text-editor\" data-id=\"7634da6\" data-element_type=\"widget\" data-e-type=\"widget\" data-widget_type=\"text-editor.default\">\n\t\t\t\t\t\t\t\t\t<p>Na\u0161e komplexn\u00ed spr\u00e1va V\u00e1m zabezpe\u010d\u00ed bezprobl\u00e9mov\u00fd chod nemovitosti, at&#8216; jste kdekoliv na sv\u011bt\u011b. Zajist\u00edme kvalitn\u00ed rezervace, nep\u0159etr\u017eitou podporu host\u016fm, \u00faklid a hotelov\u00e9 pr\u00e1dlo 5* kvality, v\u010detn\u011b pot\u0159ebn\u00e9 \u00fadr\u017eby nemovitosti. maximalizujeme potenci\u00e1l pron\u00e1jm\u016f neust\u00e1l\u00fdm vylep\u0161ov\u00e1n\u00edm profil\u016f, denn\u00ed optimalizac\u00ed cen a zdokonalov\u00e1n\u00edm p\u00e9\u010de o hosty.   <\/p>\n\t\t\t\t\t\t\t\t<\/div>\n\t\t\t\t<div class=\"elementor-element elementor-element-38a7896 elementor-widget elementor-widget-text-editor\" data-id=\"38a7896\" data-element_type=\"widget\" data-e-type=\"widget\" data-widget_type=\"text-editor.default\">\n\t\t\t\t\t\t\t\t\t<p><a href=\"https:\/\/easybnbco.holidayfuture.com\/\" target=\"_blank\" rel=\"noopener nofollow\">Prohl\u00e9dn\u011bte si na\u0161e nab\u00eddky<\/a><\/p>\n\t\t\t\t\t\t\t\t<\/div>\n\t\t\t\t<\/div>\n\t\t<div class=\"elementor-element elementor-element-48a9da0 e-con-full e-flex e-con e-child\" data-id=\"48a9da0\" data-element_type=\"container\" data-e-type=\"container\">\n\t\t\t\t<div class=\"elementor-element elementor-element-97d3055 elementor-invisible elementor-widget elementor-widget-image\" data-id=\"97d3055\" data-element_type=\"widget\" data-e-type=\"widget\" data-settings=\"{&quot;_animation&quot;:&quot;fadeIn&quot;}\" data-widget_type=\"image.default\">\n\t\t\t\t\t\t\t\t\t\t\t\t\t\t\t<img decoding=\"async\" width=\"1000\" height=\"1400\" src=\"https:\/\/easybnb.co\/wp-content\/uploads\/2024\/05\/listing-creation.webp\" class=\"attachment-full size-full wp-image-3551\" alt=\"\" srcset=\"https:\/\/easybnb.co\/wp-content\/uploads\/2024\/05\/listing-creation.webp 1000w, https:\/\/easybnb.co\/wp-content\/uploads\/2024\/05\/listing-creation-214x300.webp 214w, https:\/\/easybnb.co\/wp-content\/uploads\/2024\/05\/listing-creation-731x1024.webp 731w, https:\/\/easybnb.co\/wp-content\/uploads\/2024\/05\/listing-creation-768x1075.webp 768w\" sizes=\"(max-width: 1000px) 100vw, 1000px\" \/>\t\t\t\t\t\t\t\t\t\t\t\t\t\t\t<\/div>\n\t\t\t\t<\/div>\n\t\t\t\t\t<\/div>\n\t\t\t\t<\/div>\n\t\t\t\t\t<\/div>\n\t\t\t\t<\/div>\n\t\t<div class=\"elementor-element elementor-element-e224674 e-flex e-con-boxed e-con e-parent\" data-id=\"e224674\" data-element_type=\"container\" data-e-type=\"container\">\n\t\t\t\t\t<div class=\"e-con-inner\">\n\t\t<div class=\"elementor-element elementor-element-865be06 e-flex e-con-boxed e-con e-child\" data-id=\"865be06\" data-element_type=\"container\" data-e-type=\"container\" id=\"smart-pricing\">\n\t\t\t\t\t<div class=\"e-con-inner\">\n\t\t<div class=\"elementor-element elementor-element-2bca096 e-con-full e-flex e-con e-child\" data-id=\"2bca096\" data-element_type=\"container\" data-e-type=\"container\">\n\t\t\t\t<div class=\"elementor-element elementor-element-548ea3f elementor-invisible elementor-widget elementor-widget-image\" data-id=\"548ea3f\" data-element_type=\"widget\" data-e-type=\"widget\" data-settings=\"{&quot;_animation&quot;:&quot;fadeIn&quot;}\" data-widget_type=\"image.default\">\n\t\t\t\t\t\t\t\t\t\t\t\t\t\t\t<img loading=\"lazy\" decoding=\"async\" width=\"2100\" height=\"1400\" src=\"https:\/\/easybnb.co\/wp-content\/uploads\/2024\/05\/interior-design.webp\" class=\"attachment-full size-full wp-image-3549\" alt=\"\" srcset=\"https:\/\/easybnb.co\/wp-content\/uploads\/2024\/05\/interior-design.webp 2100w, https:\/\/easybnb.co\/wp-content\/uploads\/2024\/05\/interior-design-300x200.webp 300w, https:\/\/easybnb.co\/wp-content\/uploads\/2024\/05\/interior-design-1024x683.webp 1024w, https:\/\/easybnb.co\/wp-content\/uploads\/2024\/05\/interior-design-768x512.webp 768w, https:\/\/easybnb.co\/wp-content\/uploads\/2024\/05\/interior-design-1536x1024.webp 1536w, https:\/\/easybnb.co\/wp-content\/uploads\/2024\/05\/interior-design-2048x1365.webp 2048w\" sizes=\"(max-width: 2100px) 100vw, 2100px\" \/>\t\t\t\t\t\t\t\t\t\t\t\t\t\t\t<\/div>\n\t\t\t\t<\/div>\n\t\t<div class=\"elementor-element elementor-element-41e37a7 e-con-full e-flex e-con e-child\" data-id=\"41e37a7\" data-element_type=\"container\" data-e-type=\"container\">\n\t\t\t\t<div class=\"elementor-element elementor-element-ae05057 elementor-widget elementor-widget-heading\" data-id=\"ae05057\" data-element_type=\"widget\" data-e-type=\"widget\" data-widget_type=\"heading.default\">\n\t\t\t\t\t<h2 class=\"elementor-heading-title elementor-size-default\">CHYTR\u00c1 CENOTVORBA A INZERCE NA V\u00cdCE PLATFORM\u00c1CH<\/h2>\t\t\t\t<\/div>\n\t\t\t\t<div class=\"elementor-element elementor-element-31ea65b elementor-widget elementor-widget-text-editor\" data-id=\"31ea65b\" data-element_type=\"widget\" data-e-type=\"widget\" data-widget_type=\"text-editor.default\">\n\t\t\t\t\t\t\t\t\t<p>Nemovitosti inzerujeme na hlavn\u00edch mezin\u00e1rodn\u00edch platform\u00e1ch spolu s v\u00fdb\u011brem pr\u00e9miov\u00fdch korpor\u00e1tn\u00edch port\u00e1l\u016f, v\u010detn\u011b presti\u017en\u00ed Homes &amp; Villas by Marriott International. Vynik\u00e1me tak\u00e9 v optimalizaci cenov\u00fdch strategi\u00ed dle r\u016fzn\u00fdch faktor\u016f, jako jsou sez\u00f3nnost, kulturn\u00ed a sportovn\u00ed akce, kongresy nebo m\u00edra obsazenosti u konkuren\u010dn\u00edch profil\u016f pro nav\u00fd\u0161en\u00ed m\u011bs\u00ed\u010dn\u00edch p\u0159\u00edjm\u016f klient\u016f. <\/p>\n\t\t\t\t\t\t\t\t<\/div>\n\t\t\t\t<\/div>\n\t\t\t\t\t<\/div>\n\t\t\t\t<\/div>\n\t\t<div class=\"elementor-element elementor-element-d9ef748 e-flex e-con-boxed e-con e-child\" data-id=\"d9ef748\" data-element_type=\"container\" data-e-type=\"container\" id=\"interior-design\">\n\t\t\t\t\t<div class=\"e-con-inner\">\n\t\t<div class=\"elementor-element elementor-element-ac35a92 e-con-full e-flex e-con e-child\" data-id=\"ac35a92\" data-element_type=\"container\" data-e-type=\"container\">\n\t\t\t\t<div class=\"elementor-element elementor-element-f04e210 elementor-widget elementor-widget-heading\" data-id=\"f04e210\" data-element_type=\"widget\" data-e-type=\"widget\" data-widget_type=\"heading.default\">\n\t\t\t\t\t<h2 class=\"elementor-heading-title elementor-size-default\">DESIGN INTERI\u00c9R\u016e A FOTOGRAFIE<\/h2>\t\t\t\t<\/div>\n\t\t\t\t<div class=\"elementor-element elementor-element-52e44a1 elementor-widget elementor-widget-text-editor\" data-id=\"52e44a1\" data-element_type=\"widget\" data-e-type=\"widget\" data-widget_type=\"text-editor.default\">\n\t\t\t\t\t\t\t\t\t<p>Pokud pot\u0159ebujete nemovitost zrekonstruovat, \u010di ji jen designov\u011b vylep\u0161it a dovybavit, r\u00e1di V\u00e1m s t\u00edm pom\u016f\u017eeme a zajist\u00edme, aby v\u00fdsledek odpov\u00eddal po\u017eadovan\u00e9mu vysok\u00e9mu standardu. Spolu s na\u0161imi zku\u0161en\u00fdmi partnery v oblasti stavebnictv\u00ed a interi\u00e9rov\u00e9ho designu V\u00e1m p\u0159edlo\u017e\u00edme cenov\u00fd n\u00e1vrh s vizualizacemi a efektivn\u00edm \u010dasov\u00fdm harmonogramem. Na\u0161i zku\u0161en\u00ed fotografov\u00e9 se pot\u00e9 postaraj\u00ed o to, aby Va\u0161i nemovitost uk\u00e1zali v tom nejlep\u0161\u00edm sv\u011btle a zd\u016fraznili jej\u00ed p\u0159ednosti.   <\/p>\n\t\t\t\t\t\t\t\t<\/div>\n\t\t\t\t<\/div>\n\t\t<div class=\"elementor-element elementor-element-ab85721 e-con-full e-flex e-con e-child\" data-id=\"ab85721\" data-element_type=\"container\" data-e-type=\"container\">\n\t\t\t\t<div class=\"elementor-element elementor-element-1d82ca8 elementor-invisible elementor-widget elementor-widget-image\" data-id=\"1d82ca8\" data-element_type=\"widget\" data-e-type=\"widget\" data-settings=\"{&quot;_animation&quot;:&quot;fadeIn&quot;}\" data-widget_type=\"image.default\">\n\t\t\t\t\t\t\t\t\t\t\t\t\t\t\t<img loading=\"lazy\" decoding=\"async\" width=\"1920\" height=\"1079\" src=\"https:\/\/easybnb.co\/wp-content\/uploads\/2024\/05\/hero-services.webp\" class=\"attachment-full size-full wp-image-3543\" alt=\"\" srcset=\"https:\/\/easybnb.co\/wp-content\/uploads\/2024\/05\/hero-services.webp 1920w, https:\/\/easybnb.co\/wp-content\/uploads\/2024\/05\/hero-services-300x169.webp 300w, https:\/\/easybnb.co\/wp-content\/uploads\/2024\/05\/hero-services-1024x575.webp 1024w, https:\/\/easybnb.co\/wp-content\/uploads\/2024\/05\/hero-services-768x432.webp 768w, https:\/\/easybnb.co\/wp-content\/uploads\/2024\/05\/hero-services-1536x863.webp 1536w\" sizes=\"(max-width: 1920px) 100vw, 1920px\" \/>\t\t\t\t\t\t\t\t\t\t\t\t\t\t\t<\/div>\n\t\t\t\t<\/div>\n\t\t\t\t\t<\/div>\n\t\t\t\t<\/div>\n\t\t<div class=\"elementor-element elementor-element-61b18b6 e-flex e-con-boxed e-con e-child\" data-id=\"61b18b6\" data-element_type=\"container\" data-e-type=\"container\" id=\"legal\">\n\t\t\t\t\t<div class=\"e-con-inner\">\n\t\t<div class=\"elementor-element elementor-element-1d0bbff e-con-full e-flex e-con e-child\" data-id=\"1d0bbff\" data-element_type=\"container\" data-e-type=\"container\">\n\t\t\t\t<div class=\"elementor-element elementor-element-b706093 elementor-invisible elementor-widget elementor-widget-image\" data-id=\"b706093\" data-element_type=\"widget\" data-e-type=\"widget\" data-settings=\"{&quot;_animation&quot;:&quot;fadeIn&quot;}\" data-widget_type=\"image.default\">\n\t\t\t\t\t\t\t\t\t\t\t\t\t\t\t<img loading=\"lazy\" decoding=\"async\" width=\"1750\" height=\"1400\" src=\"https:\/\/easybnb.co\/wp-content\/uploads\/2024\/05\/administration-services.webp\" class=\"attachment-full size-full wp-image-3547\" alt=\"\" srcset=\"https:\/\/easybnb.co\/wp-content\/uploads\/2024\/05\/administration-services.webp 1750w, https:\/\/easybnb.co\/wp-content\/uploads\/2024\/05\/administration-services-300x240.webp 300w, https:\/\/easybnb.co\/wp-content\/uploads\/2024\/05\/administration-services-1024x819.webp 1024w, https:\/\/easybnb.co\/wp-content\/uploads\/2024\/05\/administration-services-768x614.webp 768w, https:\/\/easybnb.co\/wp-content\/uploads\/2024\/05\/administration-services-1536x1229.webp 1536w\" sizes=\"(max-width: 1750px) 100vw, 1750px\" \/>\t\t\t\t\t\t\t\t\t\t\t\t\t\t\t<\/div>\n\t\t\t\t<\/div>\n\t\t<div class=\"elementor-element elementor-element-455ed58 e-con-full e-flex e-con e-child\" data-id=\"455ed58\" data-element_type=\"container\" data-e-type=\"container\">\n\t\t\t\t<div class=\"elementor-element elementor-element-d4a96de elementor-widget elementor-widget-heading\" data-id=\"d4a96de\" data-element_type=\"widget\" data-e-type=\"widget\" data-widget_type=\"heading.default\">\n\t\t\t\t\t<h2 class=\"elementor-heading-title elementor-size-default\">PR\u00c1VN\u00cd A ADMINISTRATIVN\u00cd SLU\u017dBY<\/h2>\t\t\t\t<\/div>\n\t\t\t\t<div class=\"elementor-element elementor-element-30a4df4 elementor-widget elementor-widget-text-editor\" data-id=\"30a4df4\" data-element_type=\"widget\" data-e-type=\"widget\" data-widget_type=\"text-editor.default\">\n\t\t\t\t\t\t\t\t\t<p>Postar\u00e1me se o ka\u017edodenn\u00ed provoz od zaji\u0161t\u011bn\u00ed rezervac\u00ed, komunikaci s hosty, a\u017e po koordinaci \u00fadr\u017eby, \u00faklid\u016f, pr\u00e1delny, dohled nad financemi a spln\u011bn\u00ed v\u0161ech pr\u00e1vn\u00edch n\u00e1le\u017eitost\u00ed t\u00fdkaj\u00edc\u00edch se kr\u00e1tkodob\u00fdch pron\u00e1jm\u016f, v\u010detn\u011b odvodu m\u011bstsk\u00fdch poplatk\u016f, \u010di hl\u00e1\u0161en\u00ed host\u016f cizineck\u00e9 policii. Nechte administrativn\u00ed povinnosti na n\u00e1s a bud\u2019te bez starost\u00ed.  <\/p>\n\t\t\t\t\t\t\t\t<\/div>\n\t\t\t\t<\/div>\n\t\t\t\t\t<\/div>\n\t\t\t\t<\/div>\n\t\t\t\t\t<\/div>\n\t\t\t\t<\/div>\n\t\t<div class=\"elementor-element elementor-element-065c30c e-con-full e-flex e-con e-child\" data-id=\"065c30c\" data-element_type=\"container\" data-e-type=\"container\" data-settings=\"{&quot;background_background&quot;:&quot;classic&quot;}\">\n\t\t<div class=\"elementor-element elementor-element-8cb8a6a e-flex e-con-boxed elementor-invisible e-con e-child\" data-id=\"8cb8a6a\" data-element_type=\"container\" data-e-type=\"container\" data-settings=\"{&quot;animation&quot;:&quot;fadeIn&quot;}\">\n\t\t\t\t\t<div class=\"e-con-inner\">\n\t\t<a class=\"elementor-element elementor-element-51c3f5b e-flex e-con-boxed e-con e-child\" data-id=\"51c3f5b\" data-element_type=\"container\" data-e-type=\"container\" data-settings=\"{&quot;background_background&quot;:&quot;classic&quot;}\" href=\"https:\/\/easybnbco.holidayfuture.com\" target=\"_blank\" rel=\"nofollow noopener\">\n\t\t\t\t\t<div class=\"e-con-inner\">\n\t\t<div class=\"elementor-element elementor-element-884a12a e-con-full e-flex e-con e-child\" data-id=\"884a12a\" data-element_type=\"container\" data-e-type=\"container\">\n\t\t\t\t<div class=\"elementor-element elementor-element-99a6fe8 elementor-widget elementor-widget-heading\" data-id=\"99a6fe8\" data-element_type=\"widget\" data-e-type=\"widget\" data-widget_type=\"heading.default\">\n\t\t\t\t\t<h3 class=\"elementor-heading-title elementor-size-default\">NA\u0160E PORTFOLIO<\/h3>\t\t\t\t<\/div>\n\t\t\t\t<div class=\"elementor-element elementor-element-f3a15fc elementor-widget elementor-widget-heading\" data-id=\"f3a15fc\" data-element_type=\"widget\" data-e-type=\"widget\" data-widget_type=\"heading.default\">\n\t\t\t\t\t<span class=\"elementor-heading-title elementor-size-default\">100+ pr\u00e9miov\u00fdch nemovitost\u00ed <\/span>\t\t\t\t<\/div>\n\t\t\t\t<\/div>\n\t\t\t\t<div class=\"elementor-element elementor-element-f54fef3 elementor-view-default elementor-widget elementor-widget-icon\" data-id=\"f54fef3\" data-element_type=\"widget\" data-e-type=\"widget\" data-widget_type=\"icon.default\">\n\t\t\t\t\t\t\t<div class=\"elementor-icon-wrapper\">\n\t\t\t<div class=\"elementor-icon\">\n\t\t\t<svg xmlns=\"http:\/\/www.w3.org\/2000\/svg\" fill=\"none\" viewBox=\"0 0 81 81\"><g stroke=\"#edbd68\" stroke-width=\"1.5\"><rect height=\"78.5\" rx=\"3.25\" width=\"78.5\" x=\"1.24023\" y=\"1.55957\"><\/rect><g stroke-linecap=\"round\"><path d=\"m48 48 7-7-7-7\"><\/path><path d=\"m55 41h-29.5\"><\/path><\/g><\/g><\/svg>\t\t\t<\/div>\n\t\t<\/div>\n\t\t\t\t\t\t<\/div>\n\t\t\t\t\t<\/div>\n\t\t\t\t<\/a>\n\t\t\t\t\t<\/div>\n\t\t\t\t<\/div>\n\t\t\t\t<\/div>\n\t\t<div class=\"elementor-element elementor-element-eb561ca e-flex e-con-boxed e-con e-parent\" data-id=\"eb561ca\" data-element_type=\"container\" data-e-type=\"container\" data-settings=\"{&quot;background_background&quot;:&quot;classic&quot;}\">\n\t\t\t\t\t<div class=\"e-con-inner\">\n\t\t\t\t<div class=\"elementor-element elementor-element-57b5cf6 elementor-widget__width-initial elementor-invisible elementor-widget elementor-widget-heading\" data-id=\"57b5cf6\" data-element_type=\"widget\" data-e-type=\"widget\" data-settings=\"{&quot;_animation&quot;:&quot;fadeIn&quot;}\" data-widget_type=\"heading.default\">\n\t\t\t\t\t<h2 class=\"elementor-heading-title elementor-size-default\">Odhad p\u0159\u00edjmu<\/h2>\t\t\t\t<\/div>\n\t\t\t\t<div class=\"elementor-element elementor-element-9908a04 elementor-invisible elementor-widget elementor-widget-button\" data-id=\"9908a04\" data-element_type=\"widget\" data-e-type=\"widget\" data-settings=\"{&quot;_animation&quot;:&quot;fadeInUp&quot;}\" data-widget_type=\"button.default\">\n\t\t\t\t\t\t\t\t\t\t<a class=\"elementor-button elementor-button-link elementor-size-sm\" href=\"https:\/\/easybnb.co\/cs\/odhad-meho-prijmu\/\">\n\t\t\t\t\t\t<span class=\"elementor-button-content-wrapper\">\n\t\t\t\t\t\t\t\t\t<span class=\"elementor-button-text\">Spojte se s n\u00e1mi<\/span>\n\t\t\t\t\t<\/span>\n\t\t\t\t\t<\/a>\n\t\t\t\t\t\t\t\t<\/div>\n\t\t\t\t\t<\/div>\n\t\t\t\t<\/div>\n\t\t\t\t<\/div>\n\t\t","protected":false},"excerpt":{"rendered":"<p>Slu\u017eby &amp; Odborn\u00e9 znalosti INVESTI\u010cN\u00cd PORADENSTV\u00cd Na\u0161\u00edm hlavn\u00edm posl\u00e1n\u00edm je vyhledat vhodn\u00e9 nemovitosti pro investory s c\u00edlem vy\u0161\u0161\u00edch v\u00fdnos\u016f, prost\u0159ednictv\u00edm kr\u00e1tkodob\u00fdch a korpor\u00e1tn\u00edch st\u0159edn\u011bdob\u00fdch pron\u00e1jm\u016f. Tak\u00e9 disponujeme odborn\u00fdmi znalostmi v oblasti anal\u00fdz v\u00fdt\u011b\u017enosti, porovn\u00e1vaj\u00edc\u00ed aktu\u00e1ln\u00ed nab\u00eddku trhu. D\u00edky na\u0161im cenn\u00fdm zku\u0161enostem V\u00e1m zajist\u00edme o\u010dek\u00e1vanou n\u00e1vratnost. ODHAD P\u0158\u00cdJMU A N\u00c1VRATNOSTI D\u00edky na\u0161im odhad\u016fm p\u0159\u00edjm\u016f budete v\u011bd\u011bt, [&hellip;]<\/p>\n","protected":false},"author":1,"featured_media":0,"parent":0,"menu_order":0,"comment_status":"closed","ping_status":"closed","template":"","meta":{"content-type":"","footnotes":""},"class_list":["post-3593","page","type-page","status-publish","hentry"],"_links":{"self":[{"href":"https:\/\/easybnb.co\/cs\/wp-json\/wp\/v2\/pages\/3593","targetHints":{"allow":["GET"]}}],"collection":[{"href":"https:\/\/easybnb.co\/cs\/wp-json\/wp\/v2\/pages"}],"about":[{"href":"https:\/\/easybnb.co\/cs\/wp-json\/wp\/v2\/types\/page"}],"author":[{"embeddable":true,"href":"https:\/\/easybnb.co\/cs\/wp-json\/wp\/v2\/users\/1"}],"replies":[{"embeddable":true,"href":"https:\/\/easybnb.co\/cs\/wp-json\/wp\/v2\/comments?post=3593"}],"version-history":[{"count":1,"href":"https:\/\/easybnb.co\/cs\/wp-json\/wp\/v2\/pages\/3593\/revisions"}],"predecessor-version":[{"id":5287,"href":"https:\/\/easybnb.co\/cs\/wp-json\/wp\/v2\/pages\/3593\/revisions\/5287"}],"wp:attachment":[{"href":"https:\/\/easybnb.co\/cs\/wp-json\/wp\/v2\/media?parent=3593"}],"curies":[{"name":"wp","href":"https:\/\/api.w.org\/{rel}","templated":true}]}}