{"id":3585,"date":"2024-04-17T19:11:10","date_gmt":"2024-04-17T19:11:10","guid":{"rendered":"https:\/\/easybnb.co\/odhad-meho-prijmu\/"},"modified":"2025-10-10T11:54:37","modified_gmt":"2025-10-10T11:54:37","slug":"odhad-meho-prijmu","status":"publish","type":"page","link":"https:\/\/easybnb.co\/cs\/odhad-meho-prijmu\/","title":{"rendered":"Odhadni m\u016fj p\u0159\u00edjem"},"content":{"rendered":"\t\t<div data-elementor-type=\"wp-page\" data-elementor-id=\"3585\" class=\"elementor elementor-3585 elementor-50\" data-elementor-post-type=\"page\">\n\t\t\t\t<div class=\"elementor-element elementor-element-22fc7a2 e-flex e-con-boxed e-con e-parent\" data-id=\"22fc7a2\" data-element_type=\"container\" data-e-type=\"container\" data-settings=\"{&quot;background_background&quot;:&quot;classic&quot;}\">\n\t\t\t\t\t<div class=\"e-con-inner\">\n\t\t\t\t<div class=\"elementor-element elementor-element-710ac4b elementor-widget__width-initial elementor-widget elementor-widget-heading\" data-id=\"710ac4b\" data-element_type=\"widget\" data-e-type=\"widget\" data-widget_type=\"heading.default\">\n\t\t\t\t\t<h1 class=\"elementor-heading-title elementor-size-default\">SV\u011a\u0158TE N\u00c1M <br><span style=\"color: var(--e-global-color-905965b, #EBBD67)\">VA\u0160I NEMOVITOST<\/span><\/h1>\t\t\t\t<\/div>\n\t\t\t\t<div class=\"elementor-element elementor-element-7ea565f elementor-button-align-end elementor-widget elementor-widget-form\" data-id=\"7ea565f\" data-element_type=\"widget\" data-e-type=\"widget\" data-settings=\"{&quot;step_next_label&quot;:&quot;Dal\\u0161\\u00ed&quot;,&quot;step_previous_label&quot;:&quot;P\\u0159edchoz\\u00ed&quot;,&quot;button_width&quot;:&quot;100&quot;,&quot;step_type&quot;:&quot;number_text&quot;,&quot;step_icon_shape&quot;:&quot;circle&quot;}\" data-widget_type=\"form.default\">\n\t\t\t\t\t\t\t<form class=\"elementor-form\" method=\"post\" id=\"estimate_my_income_CZ\" name=\"Odhadni m\u016fj p\u0159\u00edjem\" aria-label=\"Odhadni m\u016fj p\u0159\u00edjem\">\n\t\t\t<input type=\"hidden\" name=\"post_id\" value=\"3585\"\/>\n\t\t\t<input type=\"hidden\" name=\"form_id\" value=\"7ea565f\"\/>\n\t\t\t<input type=\"hidden\" name=\"referer_title\" value=\"Odhadni m\u016fj p\u0159\u00edjem | easyBNB Premium\" \/>\n\n\t\t\t\t\t\t\t<input type=\"hidden\" name=\"queried_id\" value=\"3585\"\/>\n\t\t\t\n\t\t\t<div class=\"elementor-form-fields-wrapper elementor-labels-\">\n\t\t\t\t\t\t\t\t<div class=\"elementor-field-type-html elementor-field-group elementor-column elementor-field-group-field_bec7e87 elementor-col-100\">\n\t\t\t\t\t<span class=\"easy-form-container\">\n  <svg xmlns=\"http:\/\/www.w3.org\/2000\/svg\" width=\"50\" height=\"50\" viewbox=\"0 0 50 50\" fill=\"none\">\n    <path fill-rule=\"evenodd\" clip-rule=\"evenodd\" d=\"M24.9991 24.3055C28.8343 24.3055 31.9435 21.1963 31.9435 17.3609C31.9435 13.5256 28.8343 10.4165 24.9991 10.4165C21.1639 10.4165 18.0547 13.5256 18.0547 17.3609C18.0547 21.1963 21.1639 24.3055 24.9991 24.3055ZM24.9991 22.2221C27.6839 22.2221 29.8602 20.0457 29.8602 17.3609C29.8602 14.6762 27.6839 12.4998 24.9991 12.4998C22.3143 12.4998 20.138 14.6762 20.138 17.3609C20.138 20.0457 22.3143 22.2221 24.9991 22.2221Z\" fill=\"#EDBD68\"><\/path>\n    <path fill-rule=\"evenodd\" clip-rule=\"evenodd\" d=\"M15.6257 21.8748C15.6257 24.7513 13.2938 27.0832 10.4173 27.0832C7.54084 27.0832 5.20898 24.7513 5.20898 21.8748C5.20898 18.9984 7.54084 16.6665 10.4173 16.6665C13.2938 16.6665 15.6257 18.9984 15.6257 21.8748ZM13.5423 21.8748C13.5423 23.6007 12.1432 24.9998 10.4173 24.9998C8.69142 24.9998 7.29232 23.6007 7.29232 21.8748C7.29232 20.1489 8.69142 18.7498 10.4173 18.7498C12.1432 18.7498 13.5423 20.1489 13.5423 21.8748Z\" fill=\"#EDBD68\"><\/path>\n    <path fill-rule=\"evenodd\" clip-rule=\"evenodd\" d=\"M3.125 39.5832V35.4165C3.125 31.3894 6.38958 28.1248 10.4167 28.1248C12.9684 28.1248 15.214 29.4357 16.5169 31.4205C18.017 28.2413 21.2517 26.0415 25 26.0415C28.7483 26.0415 31.9829 28.2413 33.4831 31.4205C34.786 29.4357 37.0317 28.1248 39.5833 28.1248C43.6104 28.1248 46.875 31.3894 46.875 35.4165V39.5832C46.875 40.1584 46.4085 40.6248 45.8333 40.6248H4.16667C3.59137 40.6248 3.125 40.1584 3.125 39.5832ZM5.20833 35.4165C5.20833 32.54 7.54019 30.2082 10.4167 30.2082C13.2931 30.2082 15.625 32.54 15.625 35.4165V38.5415H5.20833V35.4165ZM44.7917 38.5415V35.4165C44.7917 32.54 42.4598 30.2082 39.5833 30.2082C36.7069 30.2082 34.375 32.54 34.375 35.4165V38.5415H44.7917ZM32.2917 38.5415V35.4165C32.2917 31.3894 29.0271 28.1248 25 28.1248C20.9729 28.1248 17.7083 31.3894 17.7083 35.4165V38.5415H32.2917Z\" fill=\"#EDBD68\"><\/path>\n    <path fill-rule=\"evenodd\" clip-rule=\"evenodd\" d=\"M44.7917 21.8748C44.7917 24.7513 42.4598 27.0832 39.5833 27.0832C36.7069 27.0832 34.375 24.7513 34.375 21.8748C34.375 18.9984 36.7069 16.6665 39.5833 16.6665C42.4598 16.6665 44.7917 18.9984 44.7917 21.8748ZM42.7083 21.8748C42.7083 23.6007 41.3092 24.9998 39.5833 24.9998C37.8575 24.9998 36.4583 23.6007 36.4583 21.8748C36.4583 20.1489 37.8575 18.7498 39.5833 18.7498C41.3092 18.7498 42.7083 20.1489 42.7083 21.8748Z\" fill=\"#EDBD68\"><\/path>\n  <\/svg>\n  <h2>Osobn\u00ed \u00fadaje<\/h2>\n<\/span>\t\t\t\t<\/div>\n\t\t\t\t\t\t\t\t<div class=\"elementor-field-type-text elementor-field-group elementor-column elementor-field-group-name elementor-col-50 elementor-field-required\">\n\t\t\t\t\t\t\t\t\t\t\t\t<label for=\"form-field-name\" class=\"elementor-field-label elementor-screen-only\">\n\t\t\t\t\t\t\t\tCel\u00e9 jm\u00e9no\t\t\t\t\t\t\t<\/label>\n\t\t\t\t\t\t\t\t\t\t\t\t\t\t<input size=\"1\" type=\"text\" name=\"form_fields[name]\" id=\"form-field-name\" class=\"elementor-field elementor-size-sm  elementor-field-textual\" placeholder=\"Cel\u00e9 jm\u00e9no*\" required=\"required\">\n\t\t\t\t\t\t\t\t\t\t\t<\/div>\n\t\t\t\t\t\t\t\t<div class=\"elementor-field-type-email elementor-field-group elementor-column elementor-field-group-email elementor-col-50 elementor-field-required\">\n\t\t\t\t\t\t\t\t\t\t\t\t<label for=\"form-field-email\" class=\"elementor-field-label elementor-screen-only\">\n\t\t\t\t\t\t\t\tE-mailov\u00e1 adresa\t\t\t\t\t\t\t<\/label>\n\t\t\t\t\t\t\t\t\t\t\t\t\t\t<input size=\"1\" type=\"email\" name=\"form_fields[email]\" id=\"form-field-email\" class=\"elementor-field elementor-size-sm  elementor-field-textual\" placeholder=\"E-mailov\u00e1 adresa*\" required=\"required\">\n\t\t\t\t\t\t\t\t\t\t\t<\/div>\n\t\t\t\t\t\t\t\t<div class=\"elementor-field-type-tel elementor-field-group elementor-column elementor-field-group-phone elementor-col-50 elementor-field-required\">\n\t\t\t\t\t\t\t\t\t\t\t\t<label for=\"form-field-phone\" class=\"elementor-field-label elementor-screen-only\">\n\t\t\t\t\t\t\t\tTelefonn\u00ed \u010d\u00edslo\t\t\t\t\t\t\t<\/label>\n\t\t\t\t\t\t\t\t<input size=\"1\" type=\"tel\" name=\"form_fields[phone]\" id=\"form-field-phone\" class=\"elementor-field elementor-size-sm  elementor-field-textual\" placeholder=\"Telefonn\u00ed \u010d\u00edslo (+420 xxx xxx xxx)*\" required=\"required\" pattern=\"[0-9()#&amp;+*-=.]+\" title=\"Only numbers and phone characters (#, -, *, etc) are accepted.\">\n\n\t\t\t\t\t\t<\/div>\n\t\t\t\t\t\t\t\t<div class=\"elementor-field-type-html elementor-field-group elementor-column elementor-field-group-field_c15fc6f elementor-col-100\">\n\t\t\t\t\t<div class=\"easy-form-container\">\n  <svg xmlns=\"http:\/\/www.w3.org\/2000\/svg\" width=\"50\" height=\"51\" viewbox=\"0 0 50 51\" fill=\"none\">\n    <path d=\"M45.3125 47.2549V9.75485H46.875C47.0822 9.75485 47.2809 9.67254 47.4274 9.52603C47.5739 9.37952 47.6562 9.1808 47.6562 8.9736V3.50485C47.6562 3.3965 47.6337 3.28933 47.59 3.19015C47.5464 3.09098 47.4826 3.00197 47.4027 2.92878C47.3228 2.8556 47.2285 2.79983 47.1259 2.76503C47.0233 2.73022 46.9146 2.71715 46.8066 2.72663L20.2441 5.07038C20.0495 5.08747 19.8684 5.17686 19.7364 5.32092C19.6045 5.46497 19.5313 5.65324 19.5312 5.8486V8.9736C19.5312 9.1808 19.6136 9.37952 19.7601 9.52603C19.9066 9.67254 20.1053 9.75485 20.3125 9.75485H21.875V22.2549H23.4375V9.75485H43.75V47.2549H38.6303C38.915 46.7918 39.0647 46.2585 39.0625 45.7149C39.0625 44.5976 38.4774 44.0084 38.0503 43.5781C37.6686 43.1937 37.5 43.0053 37.5 42.5674C37.5 40.6261 36.4266 38.6611 34.375 38.6611C32.3234 38.6611 31.25 40.6261 31.25 42.5674C31.25 43.0053 31.0813 43.1937 30.6998 43.5781C30.2726 44.0084 29.6875 44.5976 29.6875 45.7149C29.6853 46.2584 29.8349 46.7918 30.1194 47.2549H21.875V37.0986C21.875 36.8914 21.7927 36.6927 21.6462 36.5462C21.4997 36.3997 21.301 36.3174 21.0938 36.3174H16.4062C16.199 36.3174 16.0003 36.3997 15.8538 36.5462C15.7073 36.6927 15.625 36.8914 15.625 37.0986V47.2549H13.2812V33.4591L22.6562 29.3576L32.0312 33.4591V37.8799H33.5938V34.1427L34.8431 34.6896C34.962 34.7417 35.092 34.7632 35.2214 34.7524C35.3507 34.7416 35.4753 34.6987 35.584 34.6277C35.6926 34.5566 35.7818 34.4596 35.8435 34.3454C35.9053 34.2312 35.9375 34.1034 35.9375 33.9736V30.0674C35.9375 29.9155 35.8932 29.7669 35.8101 29.6398C35.727 29.5126 35.6086 29.4125 35.4694 29.3516L22.9694 23.8829C22.8707 23.8397 22.764 23.8174 22.6562 23.8174C22.5485 23.8174 22.4418 23.8397 22.3431 23.8829L9.84307 29.3516C9.70392 29.4125 9.58554 29.5126 9.50241 29.6398C9.41928 29.7669 9.375 29.9155 9.375 30.0674V33.9736C9.375 34.1034 9.40733 34.2311 9.46908 34.3453C9.53083 34.4594 9.62004 34.5564 9.72866 34.6274C9.83728 34.6985 9.96188 34.7413 10.0912 34.7521C10.2205 34.7629 10.3505 34.7414 10.4694 34.6893L11.7188 34.1425V47.2549H6.25V33.9736H7.8125V32.4111H3.125V15.2236H20.3125V13.6611H15.1674L12.2712 10.7649C12.1986 10.6924 12.1125 10.6348 12.0177 10.5956C11.9229 10.5563 11.8213 10.5361 11.7188 10.5361H5.46875C5.26155 10.5361 5.06284 10.6184 4.91632 10.7649C4.76981 10.9114 4.6875 11.1102 4.6875 11.3174V13.6611H2.34375C2.13655 13.6611 1.93784 13.7434 1.79132 13.8899C1.64481 14.0364 1.5625 14.2352 1.5625 14.4424V33.1924C1.5625 33.3996 1.64481 33.5983 1.79132 33.7448C1.93784 33.8913 2.13655 33.9736 2.34375 33.9736H4.6875V47.2549H1.5625V48.8174H48.4375V47.2549H45.3125ZM21.0938 6.56393L46.0938 4.35807V8.19235H21.0938V6.56393ZM10.9375 32.7791V30.5783L22.6562 25.4513L34.375 30.5783V32.7791L33.5938 32.4373V32.4111H33.534L22.9694 27.7891C22.8707 27.7459 22.764 27.7236 22.6562 27.7236C22.5485 27.7236 22.4418 27.7459 22.3431 27.7891L11.7785 32.4111H11.7188V32.4373L10.9375 32.7791ZM6.25 12.0986H11.3952L12.9577 13.6611H6.25V12.0986ZM17.1875 37.8799H20.3125V47.2549H17.1875V37.8799ZM32.8125 47.2549C32.3822 47.2549 31.25 46.7813 31.25 45.7149C31.25 45.2606 31.4212 45.069 31.8086 44.6789C32.2322 44.2521 32.8125 43.6677 32.8125 42.5674C32.8125 40.7134 33.8346 40.2236 34.375 40.2236C35.6109 40.2236 35.9375 41.7568 35.9375 42.5674C35.9375 43.6677 36.5177 44.2521 36.9413 44.6789C37.3286 45.0695 37.4999 45.2606 37.4999 45.7149C37.5 46.7813 36.3677 47.2549 35.9375 47.2549H32.8125Z\" fill=\"#EDBD68\"><\/path>\n    <path d=\"M24.2188 37.8799C24.0115 37.8799 23.8128 37.9622 23.6663 38.1087C23.5198 38.2552 23.4375 38.4539 23.4375 38.6611V42.5674C23.4375 42.7746 23.5198 42.9733 23.6663 43.1198C23.8128 43.2663 24.0115 43.3486 24.2188 43.3486H28.9062C29.1135 43.3486 29.3122 43.2663 29.4587 43.1198C29.6052 42.9733 29.6875 42.7746 29.6875 42.5674V38.6611C29.6875 38.4539 29.6052 38.2552 29.4587 38.1087C29.3122 37.9622 29.1135 37.8799 28.9062 37.8799H24.2188ZM28.125 41.7861H25V39.4424H28.125V41.7861Z\" fill=\"#EDBD68\"><\/path>\n    <path d=\"M19.5312 33.1924H17.9688V34.7549H19.5312V33.1924Z\" fill=\"#EDBD68\"><\/path>\n    <path d=\"M13.2812 26.1611V18.3486H20.3125V16.7861H5.46875C5.26155 16.7861 5.06284 16.8684 4.91632 17.015C4.76981 17.1615 4.6875 17.3602 4.6875 17.5674V30.0674C4.6875 30.2746 4.76981 30.4733 4.91632 30.6198C5.06284 30.7663 5.26155 30.8486 5.46875 30.8486H7.8125V29.2861H6.25V18.3486H11.7188V26.1611H13.2812Z\" fill=\"#EDBD68\"><\/path>\n    <path d=\"M26.5625 18.3486H31.25C31.4572 18.3486 31.6559 18.2663 31.8024 18.1198C31.9489 17.9733 32.0312 17.7746 32.0312 17.5674V12.8799C32.0312 12.6727 31.9489 12.474 31.8024 12.3275C31.6559 12.1809 31.4572 12.0986 31.25 12.0986H26.5625C26.3553 12.0986 26.1566 12.1809 26.0101 12.3275C25.8636 12.474 25.7812 12.6727 25.7812 12.8799V17.5674C25.7812 17.7746 25.8636 17.9733 26.0101 18.1198C26.1566 18.2663 26.3553 18.3486 26.5625 18.3486ZM27.3438 13.6611H30.4688V16.7861H27.3438V13.6611Z\" fill=\"#EDBD68\"><\/path>\n    <path d=\"M35.9375 18.3486H40.625C40.8322 18.3486 41.0309 18.2663 41.1774 18.1198C41.3239 17.9733 41.4062 17.7746 41.4062 17.5674V12.8799C41.4062 12.6727 41.3239 12.474 41.1774 12.3275C41.0309 12.1809 40.8322 12.0986 40.625 12.0986H35.9375C35.7303 12.0986 35.5316 12.1809 35.3851 12.3275C35.2386 12.474 35.1562 12.6727 35.1562 12.8799V17.5674C35.1562 17.7746 35.2386 17.9733 35.3851 18.1198C35.5316 18.2663 35.7303 18.3486 35.9375 18.3486ZM36.7188 13.6611H39.8438V16.7861H36.7188V13.6611Z\" fill=\"#EDBD68\"><\/path>\n    <path d=\"M25.7812 23.8174H27.3438V22.2549H30.4688V26.1611H32.0312V21.4736C32.0312 21.2664 31.9489 21.0677 31.8024 20.9212C31.6559 20.7747 31.4572 20.6924 31.25 20.6924H26.5625C26.3553 20.6924 26.1566 20.7747 26.0101 20.9212C25.8636 21.0677 25.7812 21.2664 25.7812 21.4736V23.8174Z\" fill=\"#EDBD68\"><\/path>\n    <path d=\"M35.1562 26.1611C35.1562 26.3683 35.2386 26.567 35.3851 26.7136C35.5316 26.8601 35.7303 26.9424 35.9375 26.9424H40.625C40.8322 26.9424 41.0309 26.8601 41.1774 26.7136C41.3239 26.567 41.4062 26.3683 41.4062 26.1611V21.4736C41.4062 21.2664 41.3239 21.0677 41.1774 20.9212C41.0309 20.7747 40.8322 20.6924 40.625 20.6924H35.9375C35.7303 20.6924 35.5316 20.7747 35.3851 20.9212C35.2386 21.0677 35.1562 21.2664 35.1562 21.4736V26.1611ZM36.7188 22.2549H39.8438V25.3799H36.7188V22.2549Z\" fill=\"#EDBD68\"><\/path>\n    <path d=\"M37.5 33.9736V35.5361H40.625C40.8322 35.5361 41.0309 35.4538 41.1774 35.3073C41.3239 35.1608 41.4062 34.9621 41.4062 34.7549V30.0674C41.4062 29.8602 41.3239 29.6615 41.1774 29.515C41.0309 29.3684 40.8322 29.2861 40.625 29.2861H37.5V30.8486H39.8438V33.9736H37.5Z\" fill=\"#EDBD68\"><\/path>\n    <path d=\"M9.375 36.3174H7.8125V37.8799H9.375V36.3174Z\" fill=\"#EDBD68\"><\/path>\n  <\/svg>\n  <h2>Informace o nemovitosti<\/h2>\n<\/div>\t\t\t\t<\/div>\n\t\t\t\t\t\t\t\t<div class=\"elementor-field-type-html elementor-field-group elementor-column elementor-field-group-field_daa0ddd elementor-col-100\">\n\t\t\t\t\t<h3>Podrobnosti o nemovitosti<\/h3>\t\t\t\t<\/div>\n\t\t\t\t\t\t\t\t<div class=\"elementor-field-type-number elementor-field-group elementor-column elementor-field-group-sqftarea elementor-col-50\">\n\t\t\t\t\t\t\t\t\t\t\t\t<label for=\"form-field-sqftarea\" class=\"elementor-field-label elementor-screen-only\">\n\t\t\t\t\t\t\t\tVelikost bytu (m2)\t\t\t\t\t\t\t<\/label>\n\t\t\t\t\t\t\t\t\t<input type=\"number\" name=\"form_fields[sqftarea]\" id=\"form-field-sqftarea\" class=\"elementor-field elementor-size-sm  elementor-field-textual\" placeholder=\"Velikost bytu (m2)\" min=\"\" max=\"\" >\n\t\t\t\t\t\t<\/div>\n\t\t\t\t\t\t\t\t<div class=\"elementor-field-type-number elementor-field-group elementor-column elementor-field-group-bedroom elementor-col-50 elementor-field-required\">\n\t\t\t\t\t\t\t\t\t\t\t\t<label for=\"form-field-bedroom\" class=\"elementor-field-label elementor-screen-only\">\n\t\t\t\t\t\t\t\tPo\u010det lo\u017enic\t\t\t\t\t\t\t<\/label>\n\t\t\t\t\t\t\t\t\t<input type=\"number\" name=\"form_fields[bedroom]\" id=\"form-field-bedroom\" class=\"elementor-field elementor-size-sm  elementor-field-textual\" placeholder=\"Po\u010det lo\u017enic*\" required=\"required\" min=\"\" max=\"\" >\n\t\t\t\t\t\t<\/div>\n\t\t\t\t\t\t\t\t<div class=\"elementor-field-type-number elementor-field-group elementor-column elementor-field-group-bathroom elementor-col-50 elementor-field-required\">\n\t\t\t\t\t\t\t\t\t\t\t\t<label for=\"form-field-bathroom\" class=\"elementor-field-label elementor-screen-only\">\n\t\t\t\t\t\t\t\tPo\u010det koupelen \t\t\t\t\t\t\t<\/label>\n\t\t\t\t\t\t\t\t\t<input type=\"number\" name=\"form_fields[bathroom]\" id=\"form-field-bathroom\" class=\"elementor-field elementor-size-sm  elementor-field-textual\" placeholder=\"Po\u010det koupelen*\" required=\"required\" min=\"\" max=\"\" >\n\t\t\t\t\t\t<\/div>\n\t\t\t\t\t\t\t\t<div class=\"elementor-field-type-text elementor-field-group elementor-column elementor-field-group-parking elementor-col-50\">\n\t\t\t\t\t\t\t\t\t\t\t\t<label for=\"form-field-parking\" class=\"elementor-field-label elementor-screen-only\">\n\t\t\t\t\t\t\t\tParkov\u00e1n\u00ed (Ano \/ Ne)\t\t\t\t\t\t\t<\/label>\n\t\t\t\t\t\t\t\t\t\t\t\t\t\t<input size=\"1\" type=\"text\" name=\"form_fields[parking]\" id=\"form-field-parking\" class=\"elementor-field elementor-size-sm  elementor-field-textual\" placeholder=\"Parkov\u00e1n\u00ed (Ano \/ Ne)\">\n\t\t\t\t\t\t\t\t\t\t\t<\/div>\n\t\t\t\t\t\t\t\t<div class=\"elementor-field-type-html elementor-field-group elementor-column elementor-field-group-field_aa7bf13 elementor-col-100\">\n\t\t\t\t\t<h3>Poloha nemovitosti<\/h3>\t\t\t\t<\/div>\n\t\t\t\t\t\t\t\t<div class=\"elementor-field-type-text elementor-field-group elementor-column elementor-field-group-street elementor-col-50\">\n\t\t\t\t\t\t\t\t\t\t\t\t<label for=\"form-field-street\" class=\"elementor-field-label elementor-screen-only\">\n\t\t\t\t\t\t\t\tUlice\t\t\t\t\t\t\t<\/label>\n\t\t\t\t\t\t\t\t\t\t\t\t\t\t<input size=\"1\" type=\"text\" name=\"form_fields[street]\" id=\"form-field-street\" class=\"elementor-field elementor-size-sm  elementor-field-textual\" placeholder=\"Ulice\">\n\t\t\t\t\t\t\t\t\t\t\t<\/div>\n\t\t\t\t\t\t\t\t<div class=\"elementor-field-type-text elementor-field-group elementor-column elementor-field-group-city elementor-col-50 elementor-field-required\">\n\t\t\t\t\t\t\t\t\t\t\t\t<label for=\"form-field-city\" class=\"elementor-field-label elementor-screen-only\">\n\t\t\t\t\t\t\t\tM\u011bsto\t\t\t\t\t\t\t<\/label>\n\t\t\t\t\t\t\t\t\t\t\t\t\t\t<input size=\"1\" type=\"text\" name=\"form_fields[city]\" id=\"form-field-city\" class=\"elementor-field elementor-size-sm  elementor-field-textual\" placeholder=\"M\u011bsto*\" required=\"required\">\n\t\t\t\t\t\t\t\t\t\t\t<\/div>\n\t\t\t\t\t\t\t\t<div class=\"elementor-field-type-text elementor-field-group elementor-column elementor-field-group-postcode elementor-col-50\">\n\t\t\t\t\t\t\t\t\t\t\t\t<label for=\"form-field-postcode\" class=\"elementor-field-label elementor-screen-only\">\n\t\t\t\t\t\t\t\tPS\u010c\t\t\t\t\t\t\t<\/label>\n\t\t\t\t\t\t\t\t\t\t\t\t\t\t<input size=\"1\" type=\"text\" name=\"form_fields[postcode]\" id=\"form-field-postcode\" class=\"elementor-field elementor-size-sm  elementor-field-textual\" placeholder=\"PS\u010c\">\n\t\t\t\t\t\t\t\t\t\t\t<\/div>\n\t\t\t\t\t\t\t\t<div class=\"elementor-field-type-text elementor-field-group elementor-column elementor-field-group-country elementor-col-50\">\n\t\t\t\t\t\t\t\t\t\t\t\t<label for=\"form-field-country\" class=\"elementor-field-label elementor-screen-only\">\n\t\t\t\t\t\t\t\tZem\u011b\t\t\t\t\t\t\t<\/label>\n\t\t\t\t\t\t\t\t\t\t\t\t\t\t<input size=\"1\" type=\"text\" name=\"form_fields[country]\" id=\"form-field-country\" class=\"elementor-field elementor-size-sm  elementor-field-textual\" placeholder=\"Zem\u011b\">\n\t\t\t\t\t\t\t\t\t\t\t<\/div>\n\t\t\t\t\t\t\t\t<div class=\"elementor-field-type-html elementor-field-group elementor-column elementor-field-group-field_f8e1fb4 elementor-col-100\">\n\t\t\t\t\t<h3>Dal\u0161\u00ed informace<\/h3>\t\t\t\t<\/div>\n\t\t\t\t\t\t\t\t<div class=\"elementor-field-type-text elementor-field-group elementor-column elementor-field-group-appartment_villa elementor-col-50\">\n\t\t\t\t\t\t\t\t\t\t\t\t<label for=\"form-field-appartment_villa\" class=\"elementor-field-label elementor-screen-only\">\n\t\t\t\t\t\t\t\tByt \/ v\u00edce byt\u016f? \t\t\t\t\t\t\t<\/label>\n\t\t\t\t\t\t\t\t\t\t\t\t\t\t<input size=\"1\" type=\"text\" name=\"form_fields[appartment_villa]\" id=\"form-field-appartment_villa\" class=\"elementor-field elementor-size-sm  elementor-field-textual\" placeholder=\"Byt \/ v\u00edce byt\u016f? \">\n\t\t\t\t\t\t\t\t\t\t\t<\/div>\n\t\t\t\t\t\t\t\t<div class=\"elementor-field-type-text elementor-field-group elementor-column elementor-field-group-furnished elementor-col-50\">\n\t\t\t\t\t\t\t\t\t\t\t\t<label for=\"form-field-furnished\" class=\"elementor-field-label elementor-screen-only\">\n\t\t\t\t\t\t\t\tJe nemovitost vybavena? \t\t\t\t\t\t\t<\/label>\n\t\t\t\t\t\t\t\t\t\t\t\t\t\t<input size=\"1\" type=\"text\" name=\"form_fields[furnished]\" id=\"form-field-furnished\" class=\"elementor-field elementor-size-sm  elementor-field-textual\" placeholder=\"Je nemovitost vybavena? \">\n\t\t\t\t\t\t\t\t\t\t\t<\/div>\n\t\t\t\t\t\t\t\t<div class=\"elementor-field-type-text elementor-field-group elementor-column elementor-field-group-advertised_airbnb elementor-col-50\">\n\t\t\t\t\t\t\t\t\t\t\t\t<label for=\"form-field-advertised_airbnb\" class=\"elementor-field-label elementor-screen-only\">\n\t\t\t\t\t\t\t\tJe nemovitost inzerov\u00e1na na Airbnb?\t\t\t\t\t\t\t<\/label>\n\t\t\t\t\t\t\t\t\t\t\t\t\t\t<input size=\"1\" type=\"text\" name=\"form_fields[advertised_airbnb]\" id=\"form-field-advertised_airbnb\" class=\"elementor-field elementor-size-sm  elementor-field-textual\" placeholder=\"Je nemovitost inzerov\u00e1na na Airbnb?\">\n\t\t\t\t\t\t\t\t\t\t\t<\/div>\n\t\t\t\t\t\t\t\t<div class=\"elementor-field-type-text elementor-field-group elementor-column elementor-field-group-how_you_find_us elementor-col-50\">\n\t\t\t\t\t\t\t\t\t\t\t\t<label for=\"form-field-how_you_find_us\" class=\"elementor-field-label elementor-screen-only\">\n\t\t\t\t\t\t\t\tJak jste se o n\u00e1s dozv\u011bd\u011bli?\t\t\t\t\t\t\t<\/label>\n\t\t\t\t\t\t\t\t\t\t\t\t\t\t<input size=\"1\" type=\"text\" name=\"form_fields[how_you_find_us]\" id=\"form-field-how_you_find_us\" class=\"elementor-field elementor-size-sm  elementor-field-textual\" placeholder=\"Jak jste se o n\u00e1s dozv\u011bd\u011bli?\">\n\t\t\t\t\t\t\t\t\t\t\t<\/div>\n\t\t\t\t\t\t\t\t<div class=\"elementor-field-type-html elementor-field-group elementor-column elementor-field-group-field_75dd0fa elementor-col-66\">\n\t\t\t\t\t<p style=\"font-size: 14px;opacity:0.8;\">Inteligentn\u00ed n\u00e1stroje, zku\u0161en\u00fd t\u00fdm, dynamick\u00e9 nace\u0148ov\u00e1n\u00ed a inzerce na v\u00edce platform\u00e1ch p\u0159in\u00e1\u0161ej\u00ed klient\u016fm o 30 % vy\u0161\u0161\u00ed p\u0159\u00edjmy ne\u017e u konkuren\u010dn\u00edch spole\u010dnost\u00ed poskytuj\u00edc\u00edch kr\u00e1tkodob\u00e9 pron\u00e1jmy.<\/p>\t\t\t\t<\/div>\n\t\t\t\t\t\t\t\t<div class=\"elementor-field-type-acceptance elementor-field-group elementor-column elementor-field-group-field_ce64ab1 elementor-col-100 elementor-field-required\">\n\t\t\t\t\t\t\t\t\t\t\t\t<label for=\"form-field-field_ce64ab1\" class=\"elementor-field-label elementor-screen-only\">\n\t\t\t\t\t\t\t\tZ\u00e1sady ochrany osobn\u00edch \u00fadaj\u016f`\t\t\t\t\t\t\t<\/label>\n\t\t\t\t\t\t\t\t<div class=\"elementor-field-subgroup\">\n\t\t\t<span class=\"elementor-field-option\">\n\t\t\t\t<input type=\"checkbox\" name=\"form_fields[field_ce64ab1]\" id=\"form-field-field_ce64ab1\" class=\"elementor-field elementor-size-sm  elementor-acceptance-field\" required=\"required\">\n\t\t\t\t<label for=\"form-field-field_ce64ab1\"><a href=\"https:\/\/easybnb\/privacy-policy\/\" target=\"_blank\" rel=\"nofollow\">P\u0159e\u010detl\/a jsem si z\u00e1sady ochrany osobn\u00edch \u00fadaj\u016f a souhlas\u00edm s nimi<\/a> *<\/label>\t\t\t<\/span>\n\t\t<\/div>\n\t\t\t\t\t\t<\/div>\n\t\t\t\t\t\t\t\t<div class=\"elementor-field-type-recaptcha elementor-field-group elementor-column elementor-field-group-reCAPTCHA elementor-col-100\">\n\t\t\t\t\t<div class=\"elementor-field\" id=\"form-field-reCAPTCHA\"><div class=\"elementor-g-recaptcha\" data-sitekey=\"6Ld8cB0qAAAAAJDeUe7lGmTrdr1-vSGARyw1i5zs\" data-type=\"v2_checkbox\" data-theme=\"light\" data-size=\"normal\"><\/div><\/div>\t\t\t\t<\/div>\n\t\t\t\t\t\t\t\t<div class=\"elementor-field-group elementor-column elementor-field-type-submit elementor-col-100 e-form__buttons\">\n\t\t\t\t\t<button class=\"elementor-button elementor-size-sm\" type=\"submit\">\n\t\t\t\t\t\t<span class=\"elementor-button-content-wrapper\">\n\t\t\t\t\t\t\t\t\t\t\t\t\t\t\t\t\t\t\t\t\t\t<span class=\"elementor-button-text\">Odeslat \u017e\u00e1dost<\/span>\n\t\t\t\t\t\t\t\t\t\t\t\t\t<\/span>\n\t\t\t\t\t<\/button>\n\t\t\t\t<\/div>\n\t\t\t<\/div>\n\t\t<\/form>\n\t\t\t\t\t\t<\/div>\n\t\t\t\t\t<\/div>\n\t\t\t\t<\/div>\n\t\t\t\t<\/div>\n\t\t","protected":false},"excerpt":{"rendered":"<p>SV\u011a\u0158TE N\u00c1M VA\u0160I NEMOVITOST<\/p>\n","protected":false},"author":1,"featured_media":0,"parent":0,"menu_order":0,"comment_status":"closed","ping_status":"closed","template":"","meta":{"content-type":"","footnotes":""},"class_list":["post-3585","page","type-page","status-publish","hentry"],"_links":{"self":[{"href":"https:\/\/easybnb.co\/cs\/wp-json\/wp\/v2\/pages\/3585","targetHints":{"allow":["GET"]}}],"collection":[{"href":"https:\/\/easybnb.co\/cs\/wp-json\/wp\/v2\/pages"}],"about":[{"href":"https:\/\/easybnb.co\/cs\/wp-json\/wp\/v2\/types\/page"}],"author":[{"embeddable":true,"href":"https:\/\/easybnb.co\/cs\/wp-json\/wp\/v2\/users\/1"}],"replies":[{"embeddable":true,"href":"https:\/\/easybnb.co\/cs\/wp-json\/wp\/v2\/comments?post=3585"}],"version-history":[{"count":4,"href":"https:\/\/easybnb.co\/cs\/wp-json\/wp\/v2\/pages\/3585\/revisions"}],"predecessor-version":[{"id":5225,"href":"https:\/\/easybnb.co\/cs\/wp-json\/wp\/v2\/pages\/3585\/revisions\/5225"}],"wp:attachment":[{"href":"https:\/\/easybnb.co\/cs\/wp-json\/wp\/v2\/media?parent=3585"}],"curies":[{"name":"wp","href":"https:\/\/api.w.org\/{rel}","templated":true}]}}